{"id":7,"date":"2013-02-14T10:21:37","date_gmt":"2013-02-14T10:21:37","guid":{"rendered":"http:\/\/localhost\/wordpress\/medicenter\/?page_id=7"},"modified":"2026-04-05T21:12:30","modified_gmt":"2026-04-05T20:12:30","slug":"about-style-2","status":"publish","type":"page","link":"https:\/\/publishing-arts.de\/hausarzt-marbach-staging\/about-style-2\/","title":{"rendered":"Praxis-Team"},"content":{"rendered":"\t\t<div data-elementor-type=\"wp-page\" data-elementor-id=\"7\" class=\"elementor elementor-7\">\n\t\t\t\t<div class=\"elementor-element elementor-element-78e1516 e-flex e-con-boxed e-con e-parent\" data-id=\"78e1516\" data-element_type=\"container\" data-e-type=\"container\">\n\t\t\t\t\t<div class=\"e-con-inner\">\n\t\t\t\t<div class=\"elementor-element elementor-element-9c220f8 elementor-widget elementor-widget-heading\" data-id=\"9c220f8\" data-element_type=\"widget\" data-e-type=\"widget\" data-widget_type=\"heading.default\">\n\t\t\t\t\t<h2 class=\"elementor-heading-title elementor-size-default\"><br><div><span style=\"font-family: Roboto, sans-serif;font-size: 24px;font-style: normal;white-space: normal\">Lernen Sie unser \u00c4rzteteam kennen<\/span><br><\/div><\/h2>\t\t\t\t<\/div>\n\t\t\t\t\t<\/div>\n\t\t\t\t<\/div>\n\t\t<div class=\"elementor-element elementor-element-fb73731 e-grid e-con-boxed e-con e-parent\" data-id=\"fb73731\" data-element_type=\"container\" data-e-type=\"container\">\n\t\t\t\t\t<div class=\"e-con-inner\">\n\t\t\t\t<div class=\"elementor-element elementor-element-14427ab elementor-widget elementor-widget-image\" data-id=\"14427ab\" data-element_type=\"widget\" data-e-type=\"widget\" data-widget_type=\"image.default\">\n\t\t\t\t\t\t\t\t\t\t\t\t<figure class=\"wp-caption\">\n\t\t\t\t\t\t\t\t\t\t<img fetchpriority=\"high\" decoding=\"async\" width=\"1024\" height=\"1024\" src=\"https:\/\/publishing-arts.de\/hausarzt-marbach-staging\/wp-content\/uploads\/2026\/03\/Fr_Dr_Bartek-Biehl_9110-1024x1024.jpg\" class=\"attachment-large size-large wp-image-4809\" alt=\"\" srcset=\"https:\/\/publishing-arts.de\/hausarzt-marbach-staging\/wp-content\/uploads\/2026\/03\/Fr_Dr_Bartek-Biehl_9110-1024x1024.jpg 1024w, https:\/\/publishing-arts.de\/hausarzt-marbach-staging\/wp-content\/uploads\/2026\/03\/Fr_Dr_Bartek-Biehl_9110-300x300.jpg 300w, https:\/\/publishing-arts.de\/hausarzt-marbach-staging\/wp-content\/uploads\/2026\/03\/Fr_Dr_Bartek-Biehl_9110-150x150.jpg 150w, https:\/\/publishing-arts.de\/hausarzt-marbach-staging\/wp-content\/uploads\/2026\/03\/Fr_Dr_Bartek-Biehl_9110-768x768.jpg 768w, https:\/\/publishing-arts.de\/hausarzt-marbach-staging\/wp-content\/uploads\/2026\/03\/Fr_Dr_Bartek-Biehl_9110-100x100.jpg 100w, https:\/\/publishing-arts.de\/hausarzt-marbach-staging\/wp-content\/uploads\/2026\/03\/Fr_Dr_Bartek-Biehl_9110.jpg 1181w\" sizes=\"(max-width: 1024px) 100vw, 1024px\" \/>\t\t\t\t\t\t\t\t\t\t\t<figcaption class=\"widget-image-caption wp-caption-text\">Frau Dr.med univ P\u00e9cs Gy\u00f6ngyv\u00e9r Bartek-Biehl, Fach\u00e4rztin f\u00fcr Allgemeinmedizin<\/figcaption>\n\t\t\t\t\t\t\t\t\t\t<\/figure>\n\t\t\t\t\t\t\t\t\t<\/div>\n\t\t\t\t<div class=\"elementor-element elementor-element-ed0c6ed elementor-widget elementor-widget-image\" data-id=\"ed0c6ed\" data-element_type=\"widget\" data-e-type=\"widget\" data-widget_type=\"image.default\">\n\t\t\t\t\t\t\t\t\t\t\t\t<figure class=\"wp-caption\">\n\t\t\t\t\t\t\t\t\t\t<img decoding=\"async\" width=\"1024\" height=\"1024\" src=\"https:\/\/publishing-arts.de\/hausarzt-marbach-staging\/wp-content\/uploads\/2025\/12\/Dr_Biehl_8861-1024x1024.jpg\" class=\"attachment-large size-large wp-image-4388\" alt=\"\" srcset=\"https:\/\/publishing-arts.de\/hausarzt-marbach-staging\/wp-content\/uploads\/2025\/12\/Dr_Biehl_8861-1024x1024.jpg 1024w, https:\/\/publishing-arts.de\/hausarzt-marbach-staging\/wp-content\/uploads\/2025\/12\/Dr_Biehl_8861-300x300.jpg 300w, https:\/\/publishing-arts.de\/hausarzt-marbach-staging\/wp-content\/uploads\/2025\/12\/Dr_Biehl_8861-150x150.jpg 150w, https:\/\/publishing-arts.de\/hausarzt-marbach-staging\/wp-content\/uploads\/2025\/12\/Dr_Biehl_8861-768x768.jpg 768w, https:\/\/publishing-arts.de\/hausarzt-marbach-staging\/wp-content\/uploads\/2025\/12\/Dr_Biehl_8861-100x100.jpg 100w, https:\/\/publishing-arts.de\/hausarzt-marbach-staging\/wp-content\/uploads\/2025\/12\/Dr_Biehl_8861.jpg 1181w\" sizes=\"(max-width: 1024px) 100vw, 1024px\" \/>\t\t\t\t\t\t\t\t\t\t\t<figcaption class=\"widget-image-caption wp-caption-text\">Dr.med univ. Karlheinz Biehl Haus\u00e4rztlicher Internist<\/figcaption>\n\t\t\t\t\t\t\t\t\t\t<\/figure>\n\t\t\t\t\t\t\t\t\t<\/div>\n\t\t\t\t\t<\/div>\n\t\t\t\t<\/div>\n\t\t<div class=\"elementor-element elementor-element-128f6a0e e-flex e-con-boxed e-con e-parent\" data-id=\"128f6a0e\" data-element_type=\"container\" data-e-type=\"container\">\n\t\t\t\t\t<div class=\"e-con-inner\">\n\t\t\t\t<div class=\"elementor-element elementor-element-6c636e9e elementor-widget__width-inherit elementor-widget elementor-widget-text-editor\" data-id=\"6c636e9e\" data-element_type=\"widget\" data-e-type=\"widget\" data-widget_type=\"text-editor.default\">\n\t\t\t\t\t\t\t\t\t<p>\u00a0<\/p><div><div><div><div data-element-type=\"paragraph\" data-version=\"5\"><h2 style=\"text-align: center;\">UND UNSER PRAXISTEAM<\/h2><\/div><div style=\"text-align: center;\" data-element-type=\"dDividerId\"><hr \/><\/div><div data-version=\"5\"><p style=\"text-align: center;\">Das Praxis-Team besteht aus erfahrenen, hochqualifizierten Medizinischen Fachangestellten, Krankenschwestern und Medizinisch-Technischen-Assistenten, sowie mit zahlreichen Zusatzqualifikationen (z.B. Ern\u00e4hrungsberatung und spezielle Hausbesuch-T\u00e4tigkeit (Verah).<br \/>Alle Mitarbeiter verf\u00fcgen \u00fcber eine fundierte Ausbildung und nehmen regelm\u00e4\u00dfig<br \/>an praxisinternen und externen Weiterbildungsveranstaltungen teil.<\/p><p style=\"text-align: center;\">Sie k\u00f6nnen sich jederzeit vertrauensvoll an unsere Mitarbeiterinnen wenden,<br \/>gemeinsam werden wir Ihnen gern behilflich sein.<\/p><\/div><\/div><\/div><\/div><div><div><div><div data-element-type=\"image\" data-widget-type=\"image\"><img decoding=\"async\" class=\"aligncenter\" src=\"https:\/\/lirp.cdn-website.com\/c1f7fbae\/dms3rep\/multi\/opt\/Fr_Gebhardt_9910-1920w.jpg\" alt=\"\" width=\"512\" height=\"512\" data-dm-image-path=\"https:\/\/irp.cdn-website.com\/c1f7fbae\/dms3rep\/multi\/Fr_Gebhardt_9910.jpg\" \/><\/div><div data-element-type=\"paragraph\" data-version=\"5\" data-styletopreserve=\"{\"><p style=\"text-align: center;\"><strong>SILVIA GEBHARDT<\/strong><\/p><p style=\"text-align: center;\">Praxismanagerin\/ Verah<\/p><\/div><\/div><div><div data-widget-type=\"image\" data-element-type=\"image\"><img loading=\"lazy\" decoding=\"async\" class=\"aligncenter\" src=\"https:\/\/lirp.cdn-website.com\/c1f7fbae\/dms3rep\/multi\/opt\/Frau+Wyrwich-1920w.jpg\" alt=\"\" width=\"512\" height=\"512\" data-dm-image-path=\"https:\/\/irp.cdn-website.com\/c1f7fbae\/dms3rep\/multi\/Frau+Wyrwich.jpg\" \/><\/div><div data-element-type=\"paragraph\" data-version=\"5\"><h4 style=\"text-align: center;\">ALEXANDRA WYRWICH<\/h4><p style=\"text-align: center;\">MFA<\/p><\/div><\/div><\/div><\/div><div><div><div style=\"text-align: center;\">\u00a0<\/div><\/div><\/div><div><div><div><div data-widget-type=\"image\" data-element-type=\"image\"><img loading=\"lazy\" decoding=\"async\" class=\"aligncenter\" src=\"https:\/\/lirp.cdn-website.com\/c1f7fbae\/dms3rep\/multi\/opt\/Fr_Frech_9067-1920w.jpg\" width=\"512\" height=\"512\" data-dm-image-path=\"https:\/\/irp.cdn-website.com\/c1f7fbae\/dms3rep\/multi\/Fr_Frech_9067.jpg\" \/><\/div><div data-element-type=\"paragraph\" data-version=\"5\"><h4 style=\"text-align: center;\">SUSANNE FRECH<\/h4><\/div><div data-version=\"5\"><p style=\"text-align: center;\">KINDERKRANKENSCHWESTER<\/p><\/div><\/div><div><div data-widget-type=\"image\" data-element-type=\"image\"><img loading=\"lazy\" decoding=\"async\" class=\"aligncenter\" src=\"https:\/\/lirp.cdn-website.com\/c1f7fbae\/dms3rep\/multi\/opt\/Fr_Schaile_9133-1920w.jpg\" width=\"512\" height=\"512\" data-dm-image-path=\"https:\/\/irp.cdn-website.com\/c1f7fbae\/dms3rep\/multi\/Fr_Schaile_9133.jpg\" \/><\/div><div data-element-type=\"paragraph\" data-version=\"5\"><h4 style=\"text-align: center;\">NADJA SCHAILE<\/h4><\/div><div data-version=\"5\"><p style=\"text-align: center;\">MFA<\/p><\/div><\/div><\/div><\/div><div><div><div><div data-widget-type=\"image\" data-element-type=\"image\"><img loading=\"lazy\" decoding=\"async\" class=\"aligncenter\" src=\"https:\/\/lirp.cdn-website.com\/c1f7fbae\/dms3rep\/multi\/opt\/Fr_Sever_8892-1920w.jpg\" width=\"512\" height=\"512\" data-dm-image-path=\"https:\/\/irp.cdn-website.com\/c1f7fbae\/dms3rep\/multi\/Fr_Sever_8892.jpg\" \/><\/div><div data-element-type=\"paragraph\" data-version=\"5\"><h4 style=\"text-align: center;\">MUTLU SEVER<\/h4><\/div><div data-version=\"5\"><p style=\"text-align: center;\">MFA<\/p><\/div><\/div><div><div data-element-type=\"image\" data-widget-type=\"image\"><img loading=\"lazy\" decoding=\"async\" class=\"aligncenter\" src=\"https:\/\/lirp.cdn-website.com\/c1f7fbae\/dms3rep\/multi\/opt\/Fr_Troschke_9877-1920w.jpg\" alt=\"\" width=\"512\" height=\"512\" data-dm-image-path=\"https:\/\/irp.cdn-website.com\/c1f7fbae\/dms3rep\/multi\/Fr_Troschke_9877.jpg\" \/><\/div><div data-element-type=\"paragraph\" data-version=\"5\"><p style=\"text-align: center;\"><strong>PETRA TROSCHKE<\/strong><\/p><p style=\"text-align: center;\">MFA<\/p><\/div><\/div><\/div><\/div><div><div><div><div style=\"text-align: center;\" data-element-type=\"image\" data-widget-type=\"image\"><img loading=\"lazy\" decoding=\"async\" class=\"aligncenter\" src=\"https:\/\/lirp.cdn-website.com\/c1f7fbae\/dms3rep\/multi\/opt\/Platzhalter-1920w.jpg\" alt=\"\" width=\"191\" height=\"240\" data-dm-image-path=\"https:\/\/irp.cdn-website.com\/c1f7fbae\/dms3rep\/multi\/Platzhalter.jpg\" \/><\/div><div data-element-type=\"paragraph\" data-version=\"5\"><p style=\"text-align: center;\"><strong>MARITA CAROPRESE<\/strong><\/p><p style=\"text-align: center;\">MFA\/ Verah<\/p><\/div><\/div><div><div style=\"text-align: center;\" data-widget-type=\"image\" data-element-type=\"image\"><img loading=\"lazy\" decoding=\"async\" src=\"https:\/\/lirp.cdn-website.com\/c1f7fbae\/dms3rep\/multi\/opt\/Fr_Silva_8814-1920w.jpg\" width=\"512\" height=\"512\" data-dm-image-path=\"https:\/\/irp.cdn-website.com\/c1f7fbae\/dms3rep\/multi\/Fr_Silva_8814.jpg\" \/><\/div><div data-element-type=\"paragraph\" data-version=\"5\"><h4 style=\"text-align: center;\">CARMEN SILVA<\/h4><h4 style=\"text-align: center;\">Servicekraft<\/h4><\/div><\/div><\/div><\/div>\t\t\t\t\t\t\t\t<\/div>\n\t\t\t\t\t<\/div>\n\t\t\t\t<\/div>\n\t\t\t\t<\/div>\n\t\t","protected":false},"excerpt":{"rendered":"<p>Lernen Sie unser \u00c4rzteteam kennen Frau Dr.med univ P\u00e9cs Gy\u00f6ngyv\u00e9r Bartek-Biehl, Fach\u00e4rztin f\u00fcr Allgemeinmedizin Dr.med univ. Karlheinz Biehl Haus\u00e4rztlicher Internist \u00a0 UND UNSER PRAXISTEAM Das Praxis-Team besteht aus erfahrenen, hochqualifizierten Medizinischen Fachangestellten, Krankenschwestern und Medizinisch-Technischen-Assistenten, sowie mit zahlreichen Zusatzqualifikationen (z.B. Ern\u00e4hrungsberatung und spezielle Hausbesuch-T\u00e4tigkeit (Verah).Alle Mitarbeiter verf\u00fcgen \u00fcber eine fundierte Ausbildung und nehmen regelm\u00e4\u00dfigan praxisinternen<\/p>\n","protected":false},"author":1,"featured_media":0,"parent":0,"menu_order":0,"comment_status":"open","ping_status":"closed","template":"","meta":{"pagelayer_contact_templates":[],"_pagelayer_content":"","footnotes":""},"class_list":["post-7","page","type-page","status-publish","hentry"],"_links":{"self":[{"href":"https:\/\/publishing-arts.de\/hausarzt-marbach-staging\/wp-json\/wp\/v2\/pages\/7","targetHints":{"allow":["GET"]}}],"collection":[{"href":"https:\/\/publishing-arts.de\/hausarzt-marbach-staging\/wp-json\/wp\/v2\/pages"}],"about":[{"href":"https:\/\/publishing-arts.de\/hausarzt-marbach-staging\/wp-json\/wp\/v2\/types\/page"}],"author":[{"embeddable":true,"href":"https:\/\/publishing-arts.de\/hausarzt-marbach-staging\/wp-json\/wp\/v2\/users\/1"}],"replies":[{"embeddable":true,"href":"https:\/\/publishing-arts.de\/hausarzt-marbach-staging\/wp-json\/wp\/v2\/comments?post=7"}],"version-history":[{"count":44,"href":"https:\/\/publishing-arts.de\/hausarzt-marbach-staging\/wp-json\/wp\/v2\/pages\/7\/revisions"}],"predecessor-version":[{"id":5282,"href":"https:\/\/publishing-arts.de\/hausarzt-marbach-staging\/wp-json\/wp\/v2\/pages\/7\/revisions\/5282"}],"wp:attachment":[{"href":"https:\/\/publishing-arts.de\/hausarzt-marbach-staging\/wp-json\/wp\/v2\/media?parent=7"}],"curies":[{"name":"wp","href":"https:\/\/api.w.org\/{rel}","templated":true}]}}