{"id":4993,"date":"2026-03-18T11:00:17","date_gmt":"2026-03-18T10:00:17","guid":{"rendered":"https:\/\/publishing-arts.de\/hausarzt-marbach-staging\/?page_id=4993"},"modified":"2026-03-18T11:10:38","modified_gmt":"2026-03-18T10:10:38","slug":"elementor-4993","status":"publish","type":"page","link":"https:\/\/publishing-arts.de\/hausarzt-marbach-staging\/elementor-4993\/","title":{"rendered":"Impressum"},"content":{"rendered":"<p style=\"margin-bottom: 0.25em; border: 0px; font-family: Arial, Helvetica, sans-serif; font-size: 1.6em; color: #e9670a; text-align: center;\">Impressum<\/p>\n<p style=\"text-align: center;\"><strong style=\"margin: 0px; padding: 0px; border: 0px; font-weight: bold; font-size: 1em;\">Dr. med. univ. Karlheinz Biehl<\/strong><br style=\"margin: 0px; padding: 0px; border: 0px; font-size: 1em;\" \/>Goethestra\u00dfe 2<br style=\"margin: 0px; padding: 0px; border: 0px; font-size: 1em;\" \/>71672 Marbach a.N.<br style=\"margin: 0px; padding: 0px; border: 0px; font-size: 1em;\" \/><br style=\"margin: 0px; padding: 0px; border: 0px; font-size: 1em;\" \/>Telefon: 07144-8972070<br style=\"margin: 0px; padding: 0px; border: 0px; font-size: 1em;\" \/>Telefax: 07144-17718<br style=\"margin: 0px; padding: 0px; border: 0px; font-size: 1em;\" \/><br style=\"margin: 0px; padding: 0px; border: 0px; font-size: 1em;\" \/><br style=\"margin: 0px; padding: 0px; border: 0px; font-size: 1em;\" \/>Berufsbezeichnung: Dr. med. univ. (verliehen in \u00d6sterreich)<br style=\"margin: 0px; padding: 0px; border: 0px; font-size: 1em;\" \/><br style=\"margin: 0px; padding: 0px; border: 0px; font-size: 1em;\" \/>Zust\u00e4ndige Aufsichtsbeh\u00f6rde:<br style=\"margin: 0px; padding: 0px; border: 0px; font-size: 1em;\" \/>Kassen\u00e4rztliche Vereinigung Baden-W\u00fcrttemberg<br style=\"margin: 0px; padding: 0px; border: 0px; font-size: 1em;\" \/>Albstadtweg 11<br style=\"margin: 0px; padding: 0px; border: 0px; font-size: 1em;\" \/>70567 Stuttgart-M\u00f6hringen<br style=\"margin: 0px; padding: 0px; border: 0px; font-size: 1em;\" \/>(07 11) 78 75-0<br style=\"margin: 0px; padding: 0px; border: 0px; font-size: 1em;\" \/>(07 11) 78 75-274<br style=\"margin: 0px; padding: 0px; border: 0px; font-size: 1em;\" \/>hauptverwaltung@kvbawue.de<br style=\"margin: 0px; padding: 0px; border: 0px; font-size: 1em;\" \/>http:\/\/www.kvbawue.de<br style=\"margin: 0px; padding: 0px; border: 0px; font-size: 1em;\" \/><br style=\"margin: 0px; padding: 0px; border: 0px; font-size: 1em;\" \/><br style=\"margin: 0px; padding: 0px; border: 0px; font-size: 1em;\" \/>Zust\u00e4ndige Kammer: Landes\u00e4rztekammer Baden-W\u00fcrttemberg<br style=\"margin: 0px; padding: 0px; border: 0px; font-size: 1em;\" \/>Jahnstr. 40<br style=\"margin: 0px; padding: 0px; border: 0px; font-size: 1em;\" \/>70597 Stuttgart<br style=\"margin: 0px; padding: 0px; border: 0px; font-size: 1em;\" \/>(07 11) 7 69 89-0<br style=\"margin: 0px; padding: 0px; border: 0px; font-size: 1em;\" \/>(07 11) 7 69 89-50<br style=\"margin: 0px; padding: 0px; border: 0px; font-size: 1em;\" \/>info@laek-bw.de<br style=\"margin: 0px; padding: 0px; border: 0px; font-size: 1em;\" \/>http:\/\/www.aerztekammer-bw.de<br style=\"margin: 0px; padding: 0px; border: 0px; font-size: 1em;\" \/><a style=\"font-family: Arial, Helvetica, sans-serif; font-size: 1em; color: #e9670a;\" href=\"https:\/\/web.archive.org\/web\/20191210103700\/http:\/\/www.aerztekammer-bw.de\/20\/arztrecht\/05kammerrecht\/bo.pdf\" target=\"_blank\" rel=\"noopener\">Berufsordnung<\/a><\/p>\n<p style=\"margin-bottom: 0.3em; border: 0px; font-family: Arial, Helvetica, sans-serif; font-weight: bold; font-size: 1em; caret-color: #000000; text-align: center;\"><br style=\"margin: 0px; padding: 0px; border: 0px; font-weight: normal; font-size: 1em;\" \/><br style=\"margin: 0px; padding: 0px; border: 0px; font-weight: normal; font-size: 1em;\" \/><strong style=\"margin: 0px; padding: 0px; border: 0px; font-weight: bold; font-size: 1em;\">dr.\/MU P\u00e9cs Gy<\/strong>\u00f6ngyer\u00a0<strong style=\"margin: 0px; padding: 0px; border: 0px; font-weight: bold; font-size: 1em;\">Bartek-Biehl<\/strong><\/p>\n<p style=\"text-align: center;\">Berufsbezeichnung: Dr. \/MU P\u00e9cs (verliehen in Magyarorsz\u00e1g)<br style=\"margin: 0px; padding: 0px; border: 0px; font-size: 1em;\" \/><br style=\"margin: 0px; padding: 0px; border: 0px; font-size: 1em;\" \/>Zust\u00e4ndige Aufsichtsbeh\u00f6rde:<br style=\"margin: 0px; padding: 0px; border: 0px; font-size: 1em;\" \/>Kassen\u00e4rztliche Vereinigung Baden-W\u00fcrttemberg<br style=\"margin: 0px; padding: 0px; border: 0px; font-size: 1em;\" \/>Albstadtweg 11<br style=\"margin: 0px; padding: 0px; border: 0px; font-size: 1em;\" \/>70567 Stuttgart-M\u00f6hringen<br style=\"margin: 0px; padding: 0px; border: 0px; font-size: 1em;\" \/>(07 11) 78 75-0<br style=\"margin: 0px; padding: 0px; border: 0px; font-size: 1em;\" \/>(07 11) 78 75-274<br style=\"margin: 0px; padding: 0px; border: 0px; font-size: 1em;\" \/>hauptverwaltung@kvbawue.de<br style=\"margin: 0px; padding: 0px; border: 0px; font-size: 1em;\" \/>http:\/\/www.kvbawue.de<br style=\"margin: 0px; padding: 0px; border: 0px; font-size: 1em;\" \/><br style=\"margin: 0px; padding: 0px; border: 0px; font-size: 1em;\" \/><br style=\"margin: 0px; padding: 0px; border: 0px; font-size: 1em;\" \/>Zust\u00e4ndige Kammer: Landes\u00e4rztekammer Baden-W\u00fcrttemberg<br style=\"margin: 0px; padding: 0px; border: 0px; font-size: 1em;\" \/>Jahnstr. 40<br style=\"margin: 0px; padding: 0px; border: 0px; font-size: 1em;\" \/>70597 Stuttgart<br style=\"margin: 0px; padding: 0px; border: 0px; font-size: 1em;\" \/>(07 11) 7 69 89-0<br style=\"margin: 0px; padding: 0px; border: 0px; font-size: 1em;\" \/>(07 11) 7 69 89-50<br style=\"margin: 0px; padding: 0px; border: 0px; font-size: 1em;\" \/>info@laek-bw.de<br style=\"margin: 0px; padding: 0px; border: 0px; font-size: 1em;\" \/>http:\/\/www.aerztekammer-bw.de<br style=\"margin: 0px; padding: 0px; border: 0px; font-size: 1em;\" \/><a style=\"font-family: Arial, Helvetica, sans-serif; font-size: 1em; color: #e9670a;\" href=\"https:\/\/web.archive.org\/web\/20191210103700\/http:\/\/www.aerztekammer-bw.de\/20\/arztrecht\/05kammerrecht\/bo.pdf\" target=\"_blank\" rel=\"noopener\">Berufsordnung<\/a><br style=\"margin: 0px; padding: 0px; border: 0px; font-size: 1em;\" \/><br style=\"margin: 0px; padding: 0px; border: 0px; font-size: 1em;\" \/><br style=\"margin: 0px; padding: 0px; border: 0px; font-size: 1em;\" \/>Inhaltlich verantwortlich: Dr. med. univ. Karlheinz Biehl (Anschrift wie oben)<\/p>\n<hr \/>\n<p style=\"text-align: center;\">\n<p style=\"margin-bottom: 0.25em; border: 0px; font-family: Arial, Helvetica, sans-serif; font-weight: bold; font-size: 1.2em; color: #e9670a; text-align: center;\">Haftungsausschluss<\/p>\n<p style=\"text-align: center;\"><strong style=\"margin: 0px; padding: 0px; border: 0px; font-weight: bold; font-size: 1em;\">1. Inhalt des Onlineangebotes<\/strong><br style=\"margin: 0px; padding: 0px; border: 0px; font-size: 1em;\" \/>Der Autor \u00fcbernimmt keinerlei Gew\u00e4hr f\u00fcr die Aktualit\u00e4t, Korrektheit, Vollst\u00e4ndigkeit oder Qualit\u00e4t der bereitgestellten Informationen. Haftungsanspr\u00fcche gegen den Autor, welche sich auf Sch\u00e4den materieller oder ideeller Art beziehen, die durch die Nutzung oder Nichtnutzung der dargebotenen Informationen bzw. durch die Nutzung fehlerhafter und unvollst\u00e4ndiger Informationen verursacht wurden, sind grunds\u00e4tzlich ausgeschlossen, sofern seitens des Autors kein nachweislich vors\u00e4tzliches oder grob fahrl\u00e4ssiges Verschulden vorliegt.<br style=\"margin: 0px; padding: 0px; border: 0px; font-size: 1em;\" \/>Alle Angebote sind freibleibend und unverbindlich. Der Autor beh\u00e4lt es sich ausdr\u00fccklich vor, Teile der Seiten oder das gesamte Angebot ohne gesonderte Ank\u00fcndigung zu ver\u00e4ndern, zu erg\u00e4nzen, zu l\u00f6schen oder die Ver\u00f6ffentlichung zeitweise oder endg\u00fcltig einzustellen.<br style=\"margin: 0px; padding: 0px; border: 0px; font-size: 1em;\" \/><br style=\"margin: 0px; padding: 0px; border: 0px; font-size: 1em;\" \/><strong style=\"margin: 0px; padding: 0px; border: 0px; font-weight: bold; font-size: 1em;\">2. Verweise und Links<\/strong><br style=\"margin: 0px; padding: 0px; border: 0px; font-size: 1em;\" \/>Bei direkten oder indirekten Verweisen auf fremde Webseiten (&#8222;Hyperlinks&#8220;), die au\u00dferhalb des Verantwortungsbereiches des Autors liegen, w\u00fcrde eine Haftungsverpflichtung ausschlie\u00dflich in dem Fall in Kraft treten, in dem der Autor von den Inhalten Kenntnis hat und es ihm technisch m\u00f6glich und zumutbar w\u00e4re, die Nutzung im Falle rechtswidriger Inhalte zu verhindern.<br style=\"margin: 0px; padding: 0px; border: 0px; font-size: 1em;\" \/>Der Autor erkl\u00e4rt hiermit ausdr\u00fccklich, dass zum Zeitpunkt der Linksetzung keine illegalen Inhalte auf den zu verlinkenden Seiten erkennbar waren. Auf die aktuelle und zuk\u00fcnftige Gestaltung, die Inhalte oder die Urheberschaft der verlinkten\/verkn\u00fcpften Seiten hat der Autor keinerlei Einfluss. Deshalb distanziert er sich hiermit ausdr\u00fccklich von allen Inhalten aller verlinkten \/verkn\u00fcpften Seiten, die nach der Linksetzung ver\u00e4ndert wurden. Diese Feststellung gilt f\u00fcr alle innerhalb des eigenen Internetangebotes gesetzten Links und Verweise sowie f\u00fcr Fremdeintr\u00e4ge in vom Autor eingerichteten G\u00e4steb\u00fcchern, Diskussionsforen, Linkverzeichnissen, Mailinglisten und in allen anderen Formen von Datenbanken, auf deren Inhalt externe Schreibzugriffe m\u00f6glich sind. F\u00fcr illegale, fehlerhafte oder unvollst\u00e4ndige Inhalte und insbesondere f\u00fcr Sch\u00e4den, die aus der Nutzung oder Nichtnutzung solcherart dargebotener Informationen entstehen, haftet allein der Anbieter der Seite, auf welche verwiesen wurde, nicht derjenige, der \u00fcber Links auf die jeweilige Ver\u00f6ffentlichung lediglich verweist.<br style=\"margin: 0px; padding: 0px; border: 0px; font-size: 1em;\" \/><br style=\"margin: 0px; padding: 0px; border: 0px; font-size: 1em;\" \/><strong style=\"margin: 0px; padding: 0px; border: 0px; font-weight: bold; font-size: 1em;\">3. Urheber- und Kennzeichenrecht<\/strong><br style=\"margin: 0px; padding: 0px; border: 0px; font-size: 1em;\" \/>Der Autor ist bestrebt, in allen Publikationen die Urheberrechte der verwendeten Bilder, Grafiken, Tondokumente, Videosequenzen und Texte zu beachten, von ihm selbst erstellte Bilder, Grafiken, Tondokumente, Videosequenzen und Texte zu nutzen oder auf lizenzfreie Grafiken, Tondokumente, Videosequenzen und Texte zur\u00fcckzugreifen.<br style=\"margin: 0px; padding: 0px; border: 0px; font-size: 1em;\" \/>Alle innerhalb des Internetangebotes genannten und ggf. durch Dritte gesch\u00fctzten Marken- und Warenzeichen unterliegen uneingeschr\u00e4nkt den Bestimmungen des jeweils g\u00fcltigen Kennzeichenrechts und den Besitzrechten der jeweiligen eingetragenen Eigent\u00fcmer. Allein aufgrund der blo\u00dfen Nennung ist nicht der Schluss zu ziehen, dass Markenzeichen nicht durch Rechte Dritter gesch\u00fctzt sind!<br style=\"margin: 0px; padding: 0px; border: 0px; font-size: 1em;\" \/>Das Copyright f\u00fcr ver\u00f6ffentlichte, vom Autor selbst erstellte Objekte bleibt allein beim Autor der Seiten. Eine Vervielf\u00e4ltigung oder Verwendung solcher Grafiken, Tondokumente, Videosequenzen und Texte in anderen elektronischen oder gedruckten Publikationen ist ohne ausdr\u00fcckliche Zustimmung des Autors nicht gestattet.<br style=\"margin: 0px; padding: 0px; border: 0px; font-size: 1em;\" \/><br style=\"margin: 0px; padding: 0px; border: 0px; font-size: 1em;\" \/><strong style=\"margin: 0px; padding: 0px; border: 0px; font-weight: bold; font-size: 1em;\">4. Datenschutz<\/strong><br style=\"margin: 0px; padding: 0px; border: 0px; font-size: 1em;\" \/><br style=\"margin: 0px; padding: 0px; border: 0px; font-size: 1em;\" \/>Datenschutzerkl\u00e4rung<br style=\"margin: 0px; padding: 0px; border: 0px; font-size: 1em;\" \/><br style=\"margin: 0px; padding: 0px; border: 0px; font-size: 1em;\" \/>Sie erhalten als Nutzer unserer Internetseite in dieser Datenschutzerkl\u00e4rung alle notwendigen Informationen dar\u00fcber, wie, in welchem Umfang sowie zu welchem Zweck wir oder Drittanbieter Daten von Ihnen erheben und diese verwenden. Die Erhebung und Nutzung Ihrer Daten erfolgt streng nach den Vorgaben des Bundesdatenschutzgesetzes (BDSG) und des Telemediengesetzes (TMG). Wir f\u00fchlen uns der Vertraulichkeit Ihrer personenbezogenen Daten besonders verpflichtet und arbeiten deshalb streng innerhalb der Grenzen, die die gesetzlichen Vorgaben uns setzen. Die Erhebung dieser personenbezogenen Daten erfolgt auf freiwilliger Basis, wenn uns das m\u00f6glich ist. Auch geben wir diese Daten nur mit Ihrer ausdr\u00fccklichen Zustimmung an Dritte weiter. Wir m\u00f6chten es aber an dieser Stelle nicht vers\u00e4umen, auf die allgemeinen Gefahren der Internetnutzung hinzuweisen, auf die wir keinen Einfluss haben. Besonders im E-Mail-Verkehr sind Ihre Daten ohne weitere Vorkehrungen nicht sicher und k\u00f6nnen unter Umst\u00e4nden von Dritten erfasst werden.<br style=\"margin: 0px; padding: 0px; border: 0px; font-size: 1em;\" \/><br style=\"margin: 0px; padding: 0px; border: 0px; font-size: 1em;\" \/>Auskunft, L\u00f6schung, Sperrung<br style=\"margin: 0px; padding: 0px; border: 0px; font-size: 1em;\" \/><br style=\"margin: 0px; padding: 0px; border: 0px; font-size: 1em;\" \/>Sie erhalten jederzeit unentgeltlich Auskunft \u00fcber die von uns gespeicherten personenbezogenen Daten zu Ihrer Person sowie zur Herkunft, dem Empf\u00e4nger und dem Zweck von Datenerhebung sowie Datenverarbeitung. Au\u00dferdem haben Sie das Recht, die Berichtigung, die Sperrung oder L\u00f6schung Ihrer Daten zu verlangen. Ausgenommen davon sind Daten, die aufgrund gesetzlicher Vorschriften aufbewahrt oder zur ordnungsgem\u00e4\u00dfen Gesch\u00e4ftsabwicklung ben\u00f6tigt werden. Damit eine Datensperre jederzeit realisiert werden kann, werden Daten zu Kontrollzwecken in einer Sperrdatei vorgehalten. Werden Daten nicht von einer gesetzlichen Archivierungspflicht erfasst, l\u00f6schen wir Ihre Daten auf Ihren Wunsch. Greift die Archivierungspflicht, sperren wir Ihre Daten. F\u00fcr alle Fragen und Anliegen zur Berichtigung, Sperrung oder L\u00f6schung von personenbezogenen Daten wenden Sie sich bitte an uns.<br style=\"margin: 0px; padding: 0px; border: 0px; font-size: 1em;\" \/><br style=\"margin: 0px; padding: 0px; border: 0px; font-size: 1em;\" \/>Personenbezogene Daten<br style=\"margin: 0px; padding: 0px; border: 0px; font-size: 1em;\" \/><br style=\"margin: 0px; padding: 0px; border: 0px; font-size: 1em;\" \/>Personenbezogene Daten erheben wir im Rahmen von Datenvermeidung und Datensparsamkeit nur in dem Ausma\u00df und so lange, wie es zur Nutzung unserer Webseite notwendig ist, beziehungsweise vom Gesetzgeber vorgeschrieben wird. Wir nehmen den Schutz Ihrer pers\u00f6nlichen Daten ernst und halten uns bei Erhebung und Verarbeitung personenbezogener Daten streng an die entsprechenden gesetzlichen Vorschriften und an diese Datenschutzerkl\u00e4rung. F\u00e4llt der Zweck der Datenerhebung weg oder ist das Ende der gesetzlichen Speicherfrist erreicht, werden die erhobenen Daten gesperrt oder gel\u00f6scht. Regelm\u00e4\u00dfig kann unsere Webseite ohne die Weitergabe pers\u00f6nlicher Daten genutzt werden. Wenn wir personenbezogene Daten erheben \u2013 etwa Ihren Namen, Ihre Anschrift oder Ihre E-Mail-Adresse \u2013 erfolgt diese Datenerhebung freiwillig. Ohne eine ausdr\u00fccklich erteilte Zustimmung von Ihrer Seite werden diese Daten Dritten nicht zur Kenntnis gebracht. Beachten Sie bitte, dass Daten im Internet allgemein nicht immer sicher \u00fcbertragen werden. Besonders im E-Mail-Verkehr kann der Schutz beim Datenaustausch nicht garantiert werden.<br style=\"margin: 0px; padding: 0px; border: 0px; font-size: 1em;\" \/><br style=\"margin: 0px; padding: 0px; border: 0px; font-size: 1em;\" \/>Server Logfiles<br style=\"margin: 0px; padding: 0px; border: 0px; font-size: 1em;\" \/><br style=\"margin: 0px; padding: 0px; border: 0px; font-size: 1em;\" \/>Bei den Server Logfiles handelt es sich um anonymisierte Daten, die bei Ihrem Zugriff auf unsere Webseite erfasst werden. Diese Informationen erm\u00f6glichen keine R\u00fcckschl\u00fcsse auf Sie pers\u00f6nlich, sind aber aus technischen Gr\u00fcnden f\u00fcr die Auslieferung und Darstellung unserer Inhalte unverzichtbar. Weiterhin dienen Sie unserer Statistik und der st\u00e4ndigen Optimierung unserer Inhalte. Typische Logfiles sind das Datum und die Zeit des Zugriffs, die Datenmenge, der f\u00fcr den Zugriff benutzte Browser und seine Version, das eingesetzte Betriebssystem, der Domainname des von Ihnen beauftragten Providers, die Seite, von der Sie zu unserem Angebot gekommen sind (Referrer-URL) und Ihre IP-Adresse. Logfiles erm\u00f6glichen au\u00dferdem eine genaue Pr\u00fcfung bei Verdacht auf eine rechtswidrige Nutzung unserer Webseite.<br style=\"margin: 0px; padding: 0px; border: 0px; font-size: 1em;\" \/><br style=\"margin: 0px; padding: 0px; border: 0px; font-size: 1em;\" \/><strong style=\"margin: 0px; padding: 0px; border: 0px; font-weight: bold; font-size: 1em;\">5. Rechtswirksamkeit dieses Haftungsausschlusses<\/strong><br style=\"margin: 0px; padding: 0px; border: 0px; font-size: 1em;\" \/>Dieser Haftungsausschluss ist als Teil des Internetangebotes zu betrachten, von dem aus auf diese Seite verwiesen wurde. Sofern Teile oder einzelne Formulierungen dieses Textes der geltenden Rechtslage nicht, nicht mehr oder nicht vollst\u00e4ndig entsprechen sollten, bleiben die \u00fcbrigen Teile des Dokumentes in ihrem Inhalt und ihrer G\u00fcltigkeit davon unber\u00fchrt.<\/p>\n<p style=\"margin-bottom: 0.3em; border: 0px; font-family: Arial, Helvetica, sans-serif; font-weight: bold; font-size: 1em; caret-color: #000000; text-align: center;\"><br style=\"margin: 0px; padding: 0px; border: 0px; font-weight: normal; font-size: 1em;\" \/>6. Anmerkung<\/p>\n<p style=\"text-align: center;\">Der Domain-Name soll nicht unterstellen, dass es nicht weitere Praxen und Versorgungseinrichtungen in Marbach am Neckar gibt.<br style=\"margin: 0px; padding: 0px; border: 0px; font-size: 1em;\" \/><\/p>\n","protected":false},"excerpt":{"rendered":"<p>Impressum Dr. med. univ. Karlheinz BiehlGoethestra\u00dfe 271672 Marbach a.N.Telefon: 07144-8972070Telefax: 07144-17718Berufsbezeichnung: Dr. med. univ. (verliehen in \u00d6sterreich)Zust\u00e4ndige Aufsichtsbeh\u00f6rde:Kassen\u00e4rztliche Vereinigung Baden-W\u00fcrttembergAlbstadtweg 1170567 Stuttgart-M\u00f6hringen(07 11) 78 75-0(07 11) 78 75-274hauptverwaltung@kvbawue.dehttp:\/\/www.kvbawue.deZust\u00e4ndige Kammer: Landes\u00e4rztekammer Baden-W\u00fcrttembergJahnstr. 4070597 Stuttgart(07 11) 7 69 89-0(07 11) 7 69 89-50info@laek-bw.dehttp:\/\/www.aerztekammer-bw.deBerufsordnung dr.\/MU P\u00e9cs Gy\u00f6ngyer\u00a0Bartek-Biehl Berufsbezeichnung: Dr. \/MU P\u00e9cs (verliehen in Magyarorsz\u00e1g)Zust\u00e4ndige Aufsichtsbeh\u00f6rde:Kassen\u00e4rztliche Vereinigung Baden-W\u00fcrttembergAlbstadtweg 1170567<\/p>\n","protected":false},"author":1,"featured_media":0,"parent":0,"menu_order":0,"comment_status":"closed","ping_status":"closed","template":"","meta":{"pagelayer_contact_templates":[],"_pagelayer_content":"","footnotes":""},"class_list":["post-4993","page","type-page","status-publish","hentry"],"_links":{"self":[{"href":"https:\/\/publishing-arts.de\/hausarzt-marbach-staging\/wp-json\/wp\/v2\/pages\/4993","targetHints":{"allow":["GET"]}}],"collection":[{"href":"https:\/\/publishing-arts.de\/hausarzt-marbach-staging\/wp-json\/wp\/v2\/pages"}],"about":[{"href":"https:\/\/publishing-arts.de\/hausarzt-marbach-staging\/wp-json\/wp\/v2\/types\/page"}],"author":[{"embeddable":true,"href":"https:\/\/publishing-arts.de\/hausarzt-marbach-staging\/wp-json\/wp\/v2\/users\/1"}],"replies":[{"embeddable":true,"href":"https:\/\/publishing-arts.de\/hausarzt-marbach-staging\/wp-json\/wp\/v2\/comments?post=4993"}],"version-history":[{"count":6,"href":"https:\/\/publishing-arts.de\/hausarzt-marbach-staging\/wp-json\/wp\/v2\/pages\/4993\/revisions"}],"predecessor-version":[{"id":5001,"href":"https:\/\/publishing-arts.de\/hausarzt-marbach-staging\/wp-json\/wp\/v2\/pages\/4993\/revisions\/5001"}],"wp:attachment":[{"href":"https:\/\/publishing-arts.de\/hausarzt-marbach-staging\/wp-json\/wp\/v2\/media?parent=4993"}],"curies":[{"name":"wp","href":"https:\/\/api.w.org\/{rel}","templated":true}]}}