{"id":4946,"date":"2026-03-18T02:16:11","date_gmt":"2026-03-18T01:16:11","guid":{"rendered":"https:\/\/publishing-arts.de\/hausarzt-marbach-staging\/?page_id=4946"},"modified":"2026-03-30T17:41:28","modified_gmt":"2026-03-30T16:41:28","slug":"startseite-clone","status":"publish","type":"page","link":"https:\/\/publishing-arts.de\/hausarzt-marbach-staging\/","title":{"rendered":"Startseite"},"content":{"rendered":"\t\t<div data-elementor-type=\"wp-page\" data-elementor-id=\"4946\" class=\"elementor elementor-4946\">\n\t\t\t\t<div class=\"elementor-element elementor-element-082a584 e-flex e-con-boxed e-con e-parent\" data-id=\"082a584\" data-element_type=\"container\" data-e-type=\"container\">\n\t\t\t\t\t<div class=\"e-con-inner\">\n\t\t\t\t<div class=\"elementor-element elementor-element-6aa1d07 elementor-widget__width-inherit elementor-invisible elementor-widget elementor-widget-photostream\" data-id=\"6aa1d07\" data-element_type=\"widget\" data-e-type=\"widget\" data-settings=\"{&quot;_animation&quot;:&quot;fadeIn&quot;}\" data-widget_type=\"photostream.default\">\n\t\t\t\t<div class=\"elementor-widget-container\">\n\t\t\t\t\t<ul class=\"photostream clearfix medium-thumb\"><li class=\"gallery-box\"><img fetchpriority=\"high\" decoding=\"async\" width=\"480\" height=\"320\" src=\"https:\/\/publishing-arts.de\/hausarzt-marbach-staging\/wp-content\/uploads\/2025\/12\/02_DSC_5231_Theke_hoheAufloesung-480x320.jpg\" class=\"attachment-medium-thumb size-medium-thumb\" alt=\"\" srcset=\"https:\/\/publishing-arts.de\/hausarzt-marbach-staging\/wp-content\/uploads\/2025\/12\/02_DSC_5231_Theke_hoheAufloesung-480x320.jpg 480w, https:\/\/publishing-arts.de\/hausarzt-marbach-staging\/wp-content\/uploads\/2025\/12\/02_DSC_5231_Theke_hoheAufloesung-300x200.jpg 300w, https:\/\/publishing-arts.de\/hausarzt-marbach-staging\/wp-content\/uploads\/2025\/12\/02_DSC_5231_Theke_hoheAufloesung-1024x683.jpg 1024w, https:\/\/publishing-arts.de\/hausarzt-marbach-staging\/wp-content\/uploads\/2025\/12\/02_DSC_5231_Theke_hoheAufloesung-768x512.jpg 768w, https:\/\/publishing-arts.de\/hausarzt-marbach-staging\/wp-content\/uploads\/2025\/12\/02_DSC_5231_Theke_hoheAufloesung-1536x1025.jpg 1536w, https:\/\/publishing-arts.de\/hausarzt-marbach-staging\/wp-content\/uploads\/2025\/12\/02_DSC_5231_Theke_hoheAufloesung-670x446.jpg 670w, https:\/\/publishing-arts.de\/hausarzt-marbach-staging\/wp-content\/uploads\/2025\/12\/02_DSC_5231_Theke_hoheAufloesung-600x400.jpg 600w, https:\/\/publishing-arts.de\/hausarzt-marbach-staging\/wp-content\/uploads\/2025\/12\/02_DSC_5231_Theke_hoheAufloesung-390x260.jpg 390w, https:\/\/publishing-arts.de\/hausarzt-marbach-staging\/wp-content\/uploads\/2025\/12\/02_DSC_5231_Theke_hoheAufloesung-285x190.jpg 285w, https:\/\/publishing-arts.de\/hausarzt-marbach-staging\/wp-content\/uploads\/2025\/12\/02_DSC_5231_Theke_hoheAufloesung.jpg 1920w\" sizes=\"(max-width: 480px) 100vw, 480px\" \/><ul class=\"controls\">\n\t\t\t\t\t\t<li>\n\t\t\t\t\t\t\t<a href=\"https:\/\/publishing-arts.de\/hausarzt-marbach-staging\/wp-content\/uploads\/2025\/12\/02_DSC_5231_Theke_hoheAufloesung.jpg\" rel=photostream[photostream]\" class=\"fancybox open-lightbox template-plus-2\"><\/a>\n\t\t\t\t\t\t<\/li>\n\t\t\t\t\t<\/ul>\n\t\t\t\t<\/li><li class=\"gallery-box\"><img decoding=\"async\" width=\"480\" height=\"320\" src=\"https:\/\/publishing-arts.de\/hausarzt-marbach-staging\/wp-content\/uploads\/2025\/12\/17_DSC_5258-4f20810b_sitzplatz-480x320.jpg\" class=\"attachment-medium-thumb size-medium-thumb\" alt=\"\" srcset=\"https:\/\/publishing-arts.de\/hausarzt-marbach-staging\/wp-content\/uploads\/2025\/12\/17_DSC_5258-4f20810b_sitzplatz-480x320.jpg 480w, https:\/\/publishing-arts.de\/hausarzt-marbach-staging\/wp-content\/uploads\/2025\/12\/17_DSC_5258-4f20810b_sitzplatz-300x200.jpg 300w, https:\/\/publishing-arts.de\/hausarzt-marbach-staging\/wp-content\/uploads\/2025\/12\/17_DSC_5258-4f20810b_sitzplatz-1024x683.jpg 1024w, https:\/\/publishing-arts.de\/hausarzt-marbach-staging\/wp-content\/uploads\/2025\/12\/17_DSC_5258-4f20810b_sitzplatz-768x512.jpg 768w, https:\/\/publishing-arts.de\/hausarzt-marbach-staging\/wp-content\/uploads\/2025\/12\/17_DSC_5258-4f20810b_sitzplatz-1536x1025.jpg 1536w, https:\/\/publishing-arts.de\/hausarzt-marbach-staging\/wp-content\/uploads\/2025\/12\/17_DSC_5258-4f20810b_sitzplatz-670x446.jpg 670w, https:\/\/publishing-arts.de\/hausarzt-marbach-staging\/wp-content\/uploads\/2025\/12\/17_DSC_5258-4f20810b_sitzplatz-600x400.jpg 600w, https:\/\/publishing-arts.de\/hausarzt-marbach-staging\/wp-content\/uploads\/2025\/12\/17_DSC_5258-4f20810b_sitzplatz-390x260.jpg 390w, https:\/\/publishing-arts.de\/hausarzt-marbach-staging\/wp-content\/uploads\/2025\/12\/17_DSC_5258-4f20810b_sitzplatz-285x190.jpg 285w, https:\/\/publishing-arts.de\/hausarzt-marbach-staging\/wp-content\/uploads\/2025\/12\/17_DSC_5258-4f20810b_sitzplatz.jpg 1920w\" sizes=\"(max-width: 480px) 100vw, 480px\" \/><ul class=\"controls\">\n\t\t\t\t\t\t<li>\n\t\t\t\t\t\t\t<a href=\"https:\/\/publishing-arts.de\/hausarzt-marbach-staging\/wp-content\/uploads\/2025\/12\/17_DSC_5258-4f20810b_sitzplatz.jpg\" rel=photostream[photostream]\" class=\"fancybox open-lightbox template-plus-2\"><\/a>\n\t\t\t\t\t\t<\/li>\n\t\t\t\t\t<\/ul>\n\t\t\t\t<\/li><\/ul>\t\t\t\t<\/div>\n\t\t\t\t<\/div>\n\t\t\t\t<div class=\"elementor-element elementor-element-21ef993 elementor-widget elementor-widget-image\" data-id=\"21ef993\" data-element_type=\"widget\" data-e-type=\"widget\" data-widget_type=\"image.default\">\n\t\t\t\t\t\t\t\t\t\t\t\t\t\t\t<img decoding=\"async\" width=\"110\" height=\"300\" src=\"https:\/\/publishing-arts.de\/hausarzt-marbach-staging\/wp-content\/uploads\/2026\/03\/874ba87d-d9d8-470f-a191-5f13abc57811-110x300.jpg\" class=\"attachment-medium size-medium wp-image-5083\" alt=\"\" srcset=\"https:\/\/publishing-arts.de\/hausarzt-marbach-staging\/wp-content\/uploads\/2026\/03\/874ba87d-d9d8-470f-a191-5f13abc57811-110x300.jpg 110w, https:\/\/publishing-arts.de\/hausarzt-marbach-staging\/wp-content\/uploads\/2026\/03\/874ba87d-d9d8-470f-a191-5f13abc57811-375x1024.jpg 375w, https:\/\/publishing-arts.de\/hausarzt-marbach-staging\/wp-content\/uploads\/2026\/03\/874ba87d-d9d8-470f-a191-5f13abc57811-768x2095.jpg 768w, https:\/\/publishing-arts.de\/hausarzt-marbach-staging\/wp-content\/uploads\/2026\/03\/874ba87d-d9d8-470f-a191-5f13abc57811-563x1536.jpg 563w, https:\/\/publishing-arts.de\/hausarzt-marbach-staging\/wp-content\/uploads\/2026\/03\/874ba87d-d9d8-470f-a191-5f13abc57811-751x2048.jpg 751w, https:\/\/publishing-arts.de\/hausarzt-marbach-staging\/wp-content\/uploads\/2026\/03\/874ba87d-d9d8-470f-a191-5f13abc57811-scaled.jpg 938w\" sizes=\"(max-width: 110px) 100vw, 110px\" \/>\t\t\t\t\t\t\t\t\t\t\t\t\t\t\t<\/div>\n\t\t\t\t<div class=\"elementor-element elementor-element-8917ef9 elementor-widget elementor-widget-html\" data-id=\"8917ef9\" data-element_type=\"widget\" data-e-type=\"widget\" data-widget_type=\"html.default\">\n\t\t\t\t\t<script src=\"https:\/\/321med13.com\/cdn\/server\/35dc08e005b66967cc4c95a5f25a1a56218b6f52\/321med.js\"><\/script><script src=\"https:\/\/321med-cdn.com\/321med.js\"><\/script>\t\t\t\t<\/div>\n\t\t\t\t<div class=\"elementor-element elementor-element-c22940e elementor-widget elementor-widget-text-editor\" data-id=\"c22940e\" data-element_type=\"widget\" data-e-type=\"widget\" data-widget_type=\"text-editor.default\">\n\t\t\t\t\t\t\t\t\t<h3 class=\"elementor-heading-title elementor-size-default elementor-inline-editing pen\" style=\"caret-color: #000000; white-space-collapse: collapse; font-family: Arial, sans-serif; margin-top: 30px; line-height: 28px; outline-color: currentcolor; stroke-width: 0px; -webkit-text-stroke-color: #000000; stroke: #000000; text-align: center;\" data-elementor-setting-key=\"title\" data-pen-placeholder=\"Eingabe hier...\">Guten Tag! Bitte entschuldigen Sie, dass die Webseiten gerade erst noch im entstehen sind und deshalb noch nicht alles perfekt ist. Die gute Nachricht: Sie k\u00f6nnen aber mit Clickdoc (bei Online-Terminbuchung) und rechts unten mit dem &#8222;Online-Service&#8220; wie gewohnt alle Services nutzen.<\/h3>\t\t\t\t\t\t\t\t<\/div>\n\t\t\t\t\t<\/div>\n\t\t\t\t<\/div>\n\t\t<div class=\"elementor-element elementor-element-53dc3e5 e-flex e-con-boxed e-con e-parent\" data-id=\"53dc3e5\" data-element_type=\"container\" data-e-type=\"container\">\n\t\t\t\t\t<div class=\"e-con-inner\">\n\t\t\t\t<div class=\"elementor-element elementor-element-1349842b elementor-widget__width-initial elementor-widget elementor-widget-text-editor\" data-id=\"1349842b\" data-element_type=\"widget\" data-e-type=\"widget\" data-widget_type=\"text-editor.default\">\n\t\t\t\t\t\t\t\t\t<hr \/><hr \/><h1 style=\"text-align: center;\"><span style=\"text-decoration: underline;\">Herzlich Willkommen<\/span><\/h1><div>\u00a0<\/div><div>\u00a0<\/div><div>\u00a0<\/div><h2 style=\"text-align: center;\">Wir m\u00f6chten Sie herzlich auf unserer Praxis-Homepage begr\u00fc\u00dfen.\u00a0<br \/>Unsere Homepage soll Ihnen einen \u00dcberblick \u00fcber unser vielseitiges Angebot geben. Als moderne Praxis der haus\u00e4rztlichen Versorgung f\u00fchren wir viele verschiedene Untersuchungen durch.\u00a0<br \/>Zur Diagnostik und Therapie bieten wir Ihnen vielf\u00e4ltige M\u00f6glichkeiten auf dem neuesten Stand der Medizin.<br \/>\u00a0Besonderen Wert legen wir auf eine ausf\u00fchrliche und fachgerechte Beratung.<br \/>Wir helfen Ihnen gerne weiter, z\u00f6gern Sie also nicht uns anzusprechen.<\/h2><div style=\"text-align: center;\"><div>\u00a0\u00a0<\/div><\/div><div style=\"text-align: center;\"><hr \/><\/div><div>\u00a0<b style=\"font-family: inherit; font-style: inherit; color: #000000; font-size: 18px; text-align: right;\"><span style=\"font-size: 30px;\">\u00a0<\/span><\/b><span style=\"font-size: 30px; text-align: center; font-family: Roboto, sans-serif;\">\u00a0<\/span><\/div><div><div data-styletopreserve=\"{\"><div style=\"text-align: right;\"><div style=\"font-size: 14px;\"><div style=\"font-size: 14px;\" data-styletopreserve=\"{\"><div style=\"font-size: 14px;\"><div style=\"font-style: normal; font-size: 14px; font-family: Roboto, sans-serif;\"><h3 style=\"text-align: center;\" data-element-type=\"paragraph\"><span style=\"font-size: 30px;\">Biehl \/ Bartek-Biehl<\/span><\/h3><h3 style=\"text-align: center;\" data-element-type=\"paragraph\"><span style=\"font-size: 30px;\"><span style=\"font-size: 30px;\"><span style=\"font-size: 30px;\">Haus\u00e4rtzliche Versorgung<\/span><\/span><\/span><\/h3><h3 style=\"text-align: center;\" data-element-type=\"paragraph\"><span style=\"font-size: 30px;\"><span style=\"font-size: 30px;\"><span style=\"font-size: 30px;\">Gemeinschaftspraxis\u00a0<\/span><\/span><\/span><\/h3><div><h3 style=\"text-align: center;\"><span style=\"font-size: 14px; font-family: 'Source Sans Pro', Arial, sans-serif; color: #99cc00;\"><b><u>Praxis\u00f6ffnungszeiten<\/u><\/b><\/span><\/h3><h2 style=\"text-align: center;\" data-element-type=\"paragraph\">Montag bis Freitag, 08:00 &#8211; 12.00 Uhr<\/h2><h2 style=\"text-align: center;\">Dienstag + Donnerstag, 16:00\u00a0 &#8211; 19:00 Uhr<\/h2><h2 style=\"text-align: center;\"><span style=\"font-family: Roboto, sans-serif; font-size: 14px; font-style: normal;\">und nach Vereinbarung<\/span><br \/><strong>Tel.: 07144-5137<\/strong><br \/><strong>Fax.: 07144-17718<\/strong><\/h2><h2 style=\"text-align: center;\"><strong><span style=\"font-size: 14px;\">E-Mail: <\/span><a style=\"font-size: 14px;\" href=\"mailto:praxisbiehl@gmx.de\">praxisbiehl@gmx.de<\/a><\/strong><\/h2><h4 style=\"text-align: center;\"><b style=\"font-family: inherit; font-style: inherit;\">telefonische Sprechzeiten<\/b><\/h4><\/div><h3 style=\"text-align: center;\">Montag bis Freitag, 08:30 &#8211; 11:30 Uhr<br \/>Dienstag + Donnerstag 16:00 &#8211; 18.00 Uhr<\/h3><\/div><\/div><\/div><\/div><\/div><\/div><\/div>\t\t\t\t\t\t\t\t<\/div>\n\t\t\t\t\t<\/div>\n\t\t\t\t<\/div>\n\t\t\t\t<\/div>\n\t\t","protected":false},"excerpt":{"rendered":"<p>[vc_row][vc_column][vc_column_text css=&#8220;&#8220;] # #Guten Tag! Bitte entschuldigen Sie, dass die Webseiten gerade erst noch im entstehen sind und deshalb noch nicht alles perfekt ist. Die gute Nachricht: Sie k\u00f6nnen aber mit Clickdoc (bei Online-Terminbuchung) und rechts unten mit dem &#8222;Online-Service&#8220; wie gewohnt alle Services nutzen. Herzlich Willkommen Wir m\u00f6chten Sie herzlich auf unserer Praxis-Homepage begr\u00fc\u00dfen.<\/p>\n","protected":false},"author":1,"featured_media":0,"parent":0,"menu_order":0,"comment_status":"closed","ping_status":"closed","template":"","meta":{"pagelayer_contact_templates":[],"_pagelayer_content":"","footnotes":""},"class_list":["post-4946","page","type-page","status-publish","hentry"],"_links":{"self":[{"href":"https:\/\/publishing-arts.de\/hausarzt-marbach-staging\/wp-json\/wp\/v2\/pages\/4946","targetHints":{"allow":["GET"]}}],"collection":[{"href":"https:\/\/publishing-arts.de\/hausarzt-marbach-staging\/wp-json\/wp\/v2\/pages"}],"about":[{"href":"https:\/\/publishing-arts.de\/hausarzt-marbach-staging\/wp-json\/wp\/v2\/types\/page"}],"author":[{"embeddable":true,"href":"https:\/\/publishing-arts.de\/hausarzt-marbach-staging\/wp-json\/wp\/v2\/users\/1"}],"replies":[{"embeddable":true,"href":"https:\/\/publishing-arts.de\/hausarzt-marbach-staging\/wp-json\/wp\/v2\/comments?post=4946"}],"version-history":[{"count":129,"href":"https:\/\/publishing-arts.de\/hausarzt-marbach-staging\/wp-json\/wp\/v2\/pages\/4946\/revisions"}],"predecessor-version":[{"id":5125,"href":"https:\/\/publishing-arts.de\/hausarzt-marbach-staging\/wp-json\/wp\/v2\/pages\/4946\/revisions\/5125"}],"wp:attachment":[{"href":"https:\/\/publishing-arts.de\/hausarzt-marbach-staging\/wp-json\/wp\/v2\/media?parent=4946"}],"curies":[{"name":"wp","href":"https:\/\/api.w.org\/{rel}","templated":true}]}}