{"id":4715,"date":"2026-02-11T17:43:58","date_gmt":"2026-02-11T16:43:58","guid":{"rendered":"https:\/\/publishing-arts.de\/hausarzt-marbach-staging\/?page_id=4715"},"modified":"2026-02-25T00:59:29","modified_gmt":"2026-02-24T23:59:29","slug":"elementor-seite-4715","status":"publish","type":"page","link":"https:\/\/publishing-arts.de\/hausarzt-marbach-staging\/elementor-seite-4715\/","title":{"rendered":"Untersuchungen"},"content":{"rendered":"\t\t<div data-elementor-type=\"wp-page\" data-elementor-id=\"4715\" class=\"elementor elementor-4715\">\n\t\t\t\t<div class=\"elementor-element elementor-element-6094eb8 e-flex e-con-boxed e-con e-parent\" data-id=\"6094eb8\" data-element_type=\"container\" data-e-type=\"container\">\n\t\t\t\t\t<div class=\"e-con-inner\">\n\t\t\t\t<div class=\"elementor-element elementor-element-d7dd5b7 elementor-widget elementor-widget-text-editor\" data-id=\"d7dd5b7\" data-element_type=\"widget\" data-e-type=\"widget\" data-widget_type=\"text-editor.default\">\n\t\t\t\t\t\t\t\t\t<div id=\"1900443754\" class=\"u_1900443754 dmRespRow dmSectionNoParallax\" style=\"font-size: 16px; font-style: normal; border-style: solid; border-color: #333333; max-width: 100%; -webkit-font-smoothing: antialiased; text-align: center; background-position-y: 50%; font-family: Roboto, 'Roboto Fallback'; font-variant-ligatures: normal; padding-right: 40px !important; padding-left: 40px !important; position: relative !important; width: auto !important; background-color: #ea6c13 !important; background-repeat: no-repeat !important; background-image: none !important; background-size: cover !important; float: none !important; top: 0px !important; left: 0px !important; height: auto !important; min-width: 0px !important; background-attachment: initial !important; background-position-x: 0px !important;\">\n<div id=\"1905569697\" class=\"dmRespColsWrapper\" style=\"border-style: solid; border-color: #333333; -webkit-font-smoothing: antialiased; max-width: 960px; position: relative; margin-right: auto; margin-left: auto; width: 960px; display: flex;\">\n<div id=\"1941386677\" class=\"dmRespCol small-12 medium-12 large-12\" style=\"border-style: solid; border-color: #333333; -webkit-font-smoothing: antialiased; position: relative; width: 960px; display: inline-block; vertical-align: top; float: left; font-size: 16px;\">\n<div style=\"border-style: solid; border-color: #333333; -webkit-font-smoothing: antialiased; line-height: initial; text-align: center;\">\n<h1 style=\"border-style: solid; border-color: #333333; -webkit-font-smoothing: antialiased; line-height: initial;\">Vorsorge<\/h1>\n<p>\u00a0<\/p>\n<\/div>\n<\/div>\n<\/div>\n<\/div>\n<div id=\"1652038747\" class=\"u_1652038747 dmRespRow\" style=\"font-size: 16px; font-style: normal; border-style: solid; border-color: #333333; max-width: 100%; -webkit-font-smoothing: antialiased; background-color: #ffffff; text-align: center; font-family: Roboto, 'Roboto Fallback'; font-variant-ligatures: normal; padding: 9.5px 40px !important; position: relative !important; width: auto !important; float: none !important; top: 0px !important; left: 0px !important; height: auto !important; min-width: 0px !important;\">\n<div id=\"1990945570\" class=\"dmRespColsWrapper\" style=\"border-style: solid; border-color: #333333; -webkit-font-smoothing: antialiased; max-width: 960px; position: relative; margin-right: auto; margin-left: auto; width: 960px; display: flex;\">\n<div id=\"1234602675\" class=\"u_1234602675 dmRespCol small-12 large-6 medium-6\" style=\"border-style: solid; border-color: #333333; -webkit-font-smoothing: antialiased; position: relative; width: 480px; display: inline-block; vertical-align: top; float: left; padding-right: 14.3906px; font-size: 16px; visibility: visible !important;\" data-anim-desktop=\"fadeInUp\">\n<div style=\"border-style: solid; border-color: #333333; -webkit-font-smoothing: antialiased; line-height: initial; text-align: center;\">\n<div style=\"border-style: solid; border-color: #333333; -webkit-font-smoothing: antialiased; line-height: initial; text-align: left;\">\n<h1><span style=\"font-size: 16px; font-style: normal; font-family: Roboto, 'Roboto Fallback';\">Vorsorge<\/span><\/h1>\n<p><span style=\"font-size: 16px; font-style: normal; font-family: Roboto, 'Roboto Fallback';\">Die gesetzlichen Krankenkassen \u00fcbernehmen im folgendem Umfang die Kosten f\u00fcr Vorsorge-Leistungen.<\/span><br style=\"border: 0px solid #333333; -webkit-font-smoothing: antialiased;\" \/><br style=\"border: 0px solid #333333; -webkit-font-smoothing: antialiased;\" \/><br style=\"border: 0px solid #333333; -webkit-font-smoothing: antialiased;\" \/><\/p>\n<ul class=\"innerList defaultList\" style=\"border: 0px solid #333333; margin-left: 0px; margin-right: 0px; vertical-align: top; -webkit-font-smoothing: antialiased;\">\n<li style=\"border: 0px solid #333333; vertical-align: top; -webkit-font-smoothing: antialiased;\">Jugendgesundheitsuntersuchungen (zwischen dem 12. und 15. Lebensjahr)<\/li>\n<li style=\"border: 0px solid #333333; vertical-align: top; -webkit-font-smoothing: antialiased;\">Jugendschutzuntersuchung (bis zum vollendeten 18. Lebensjahr)<\/li>\n<li style=\"border: 0px solid #333333; vertical-align: top; -webkit-font-smoothing: antialiased;\">Check-Up zur Fr\u00fcherkennung von Herz-Kreislauferkrankungen und Diabetes, (ab dem 35. Lebensjahr, alle 3 Jahre)<\/li>\n<li style=\"border: 0px solid #333333; vertical-align: top; -webkit-font-smoothing: antialiased;\">Krebsfr\u00fcherkennung bei M\u00e4nnern (ab dem 45. Lebensjahr, j\u00e4hrlich)<\/li>\n<li style=\"border: 0px solid #333333; vertical-align: top; -webkit-font-smoothing: antialiased;\">Hautkrebsfr\u00fcherkennung (ab dem 35. Lebensjahr, alle 2 Jahre)<\/li>\n<li style=\"border: 0px solid #333333; vertical-align: top; -webkit-font-smoothing: antialiased;\">Standardimpfungen (alle von der St\u00e4ndigen Impfkommision [STIKO] empfohlenen Schutzimpfungen)<\/li>\n<\/ul>\n<\/div>\n<\/div>\n<\/div>\n<div id=\"1475874586\" class=\"dmRespCol large-6 medium-6 small-12\" style=\"border-style: solid; border-color: #333333; -webkit-font-smoothing: antialiased; position: relative; width: 480px; display: inline-block; vertical-align: top; float: left; padding-left: 14.3906px; font-size: 16px;\">\n<div id=\"1177463061\" class=\"u_1177463061 imageWidget align-center\" style=\"border-style: solid; border-color: #333333; -webkit-font-smoothing: antialiased; display: inline-block; line-height: normal; margin-top: 49px !important; position: relative !important; max-width: 228.717px !important; float: none !important; top: 0px !important; left: 0px !important; width: calc(100% + 0px) !important; min-width: 25px !important;\" data-element-type=\"image\" data-widget-type=\"image\"><a id=\"1953118703\" style=\"border-style: solid; border-color: #333333; vertical-align: inherit; -webkit-font-smoothing: antialiased; font-style: italic; color: #463939; outline-color: currentcolor; outline-style: none;\"><\/a><img decoding=\"async\" id=\"1692274818\" class=\"\" style=\"border-width: medium; border-style: none; display: inline-block; vertical-align: top; -webkit-font-smoothing: antialiased; width: 228.703px;\" src=\"https:\/\/lirp.cdn-website.com\/c1f7fbae\/import\/clib\/hausarzt-marbach_de\/dms3rep\/multi\/opt\/DSC_0052__c.302.0.3683.2545__219-219x164-1920w.JPG\" data-dm-image-path=\"https:\/\/irp-cdn.multiscreensite.com\/c1f7fbae\/import\/clib\/hausarzt-marbach_de\/dms3rep\/multi\/DSC_0052__c.302.0.3683.2545__219-219x164.JPG\" \/><\/div>\n<\/div>\n<\/div>\n<\/div>\t\t\t\t\t\t\t\t<\/div>\n\t\t\t\t\t<\/div>\n\t\t\t\t<\/div>\n\t\t\t\t<\/div>\n\t\t","protected":false},"excerpt":{"rendered":"<p>Vorsorge \u00a0 Vorsorge Die gesetzlichen Krankenkassen \u00fcbernehmen im folgendem Umfang die Kosten f\u00fcr Vorsorge-Leistungen. Jugendgesundheitsuntersuchungen (zwischen dem 12. und 15. Lebensjahr) Jugendschutzuntersuchung (bis zum vollendeten 18. Lebensjahr) Check-Up zur Fr\u00fcherkennung von Herz-Kreislauferkrankungen und Diabetes, (ab dem 35. Lebensjahr, alle 3 Jahre) Krebsfr\u00fcherkennung bei M\u00e4nnern (ab dem 45. Lebensjahr, j\u00e4hrlich) Hautkrebsfr\u00fcherkennung (ab dem 35. Lebensjahr, alle<\/p>\n","protected":false},"author":1,"featured_media":0,"parent":0,"menu_order":0,"comment_status":"closed","ping_status":"closed","template":"","meta":{"pagelayer_contact_templates":[],"_pagelayer_content":"","footnotes":""},"class_list":["post-4715","page","type-page","status-publish","hentry"],"_links":{"self":[{"href":"https:\/\/publishing-arts.de\/hausarzt-marbach-staging\/wp-json\/wp\/v2\/pages\/4715","targetHints":{"allow":["GET"]}}],"collection":[{"href":"https:\/\/publishing-arts.de\/hausarzt-marbach-staging\/wp-json\/wp\/v2\/pages"}],"about":[{"href":"https:\/\/publishing-arts.de\/hausarzt-marbach-staging\/wp-json\/wp\/v2\/types\/page"}],"author":[{"embeddable":true,"href":"https:\/\/publishing-arts.de\/hausarzt-marbach-staging\/wp-json\/wp\/v2\/users\/1"}],"replies":[{"embeddable":true,"href":"https:\/\/publishing-arts.de\/hausarzt-marbach-staging\/wp-json\/wp\/v2\/comments?post=4715"}],"version-history":[{"count":12,"href":"https:\/\/publishing-arts.de\/hausarzt-marbach-staging\/wp-json\/wp\/v2\/pages\/4715\/revisions"}],"predecessor-version":[{"id":5248,"href":"https:\/\/publishing-arts.de\/hausarzt-marbach-staging\/wp-json\/wp\/v2\/pages\/4715\/revisions\/5248"}],"wp:attachment":[{"href":"https:\/\/publishing-arts.de\/hausarzt-marbach-staging\/wp-json\/wp\/v2\/media?parent=4715"}],"curies":[{"name":"wp","href":"https:\/\/api.w.org\/{rel}","templated":true}]}}