{"id":4691,"date":"2026-02-11T15:37:45","date_gmt":"2026-02-11T14:37:45","guid":{"rendered":"https:\/\/publishing-arts.de\/hausarzt-marbach-staging\/?page_id=4691"},"modified":"2026-04-04T00:40:03","modified_gmt":"2026-04-03T23:40:03","slug":"gesundheitsleistung","status":"publish","type":"page","link":"https:\/\/publishing-arts.de\/hausarzt-marbach-staging\/gesundheitsleistung\/","title":{"rendered":"Gesundheitsleistung"},"content":{"rendered":"\t\t<div data-elementor-type=\"wp-page\" data-elementor-id=\"4691\" class=\"elementor elementor-4691\">\n\t\t\t\t<div class=\"elementor-element elementor-element-4b326f0 e-flex e-con-boxed e-con e-parent\" data-id=\"4b326f0\" data-element_type=\"container\" data-e-type=\"container\">\n\t\t\t\t\t<div class=\"e-con-inner\">\n\t\t\t\t<div class=\"elementor-element elementor-element-b74c9d7 elementor-widget elementor-widget-text-editor\" data-id=\"b74c9d7\" data-element_type=\"widget\" data-e-type=\"widget\" data-widget_type=\"text-editor.default\">\n\t\t\t\t\t\t\t\t\t<div style=\"font-style: normal; font-size: 14px; font-family: Roboto, sans-serif;\"><h3><b>Individuelle Gesundheitsleistungen<\/b><\/h3><\/div><div id=\"1144088973\" class=\"u_1144088973 dmNewParagraph\" style=\"font-style: normal; font-size: 14px; font-family: Roboto, sans-serif;\"><p style=\"font-size: 14px; margin-block-end: 0px;\">Sie erhalten vor der Durchf\u00fchrung sogenannter Individueller Gesundheitsleistungen (IGeL) von unserer Praxis immer eine Honorarvereinbarung mit den im Detail aufgef\u00fchrten Kosten der von Ihnen gew\u00fcnschten Selbstzahler-Leistung(en).<\/p><p style=\"font-size: 14px; margin-block-end: 0px;\">Wir bitten Sie, die Honorarvereinbarung am Tag der Untersuchung unterschrieben in der Praxis abzugeben. Ohne Ihre Unterschrift k\u00f6nnen wir die Untersuchungen nicht durchf\u00fchren.<\/p><p style=\"font-size: 14px; margin-block-end: 0px;\">Informationen erhalten Sie auch auf der Homepage der Kassen\u00e4rztlichen Vereinigung Baden-W\u00fcrttemberg.<\/p><p style=\"font-size: 14px; margin-block-end: 0px;\">Nachfolgend finden Sie einen entsprechenden Download des entsprechenden Flyer IGeL-Kodex<br \/>(Quelle: KV Baden-W\u00fcrttemberg).<\/p><\/div>\t\t\t\t\t\t\t\t<\/div>\n\t\t\t\t\t<\/div>\n\t\t\t\t<\/div>\n\t\t<div class=\"elementor-element elementor-element-239a04b3 e-flex e-con-boxed e-con e-parent\" data-id=\"239a04b3\" data-element_type=\"container\" data-e-type=\"container\">\n\t\t\t\t\t<div class=\"e-con-inner\">\n\t\t\t\t<div class=\"elementor-element elementor-element-a860be1 elementor-button-info elementor-align-center elementor-widget elementor-widget-button\" data-id=\"a860be1\" data-element_type=\"widget\" data-e-type=\"widget\" data-widget_type=\"button.default\">\n\t\t\t\t\t\t\t\t\t\t<a class=\"elementor-button elementor-button-link elementor-size-sm\" href=\"https:\/\/irp-cdn.multiscreensite.com\/c1f7fbae\/files\/uploaded\/kvbw_igel-kodex_flyer_neu.pdf\" target=\"_blank\">\n\t\t\t\t\t\t<span class=\"elementor-button-content-wrapper\">\n\t\t\t\t\t\t<span class=\"elementor-button-icon\">\n\t\t\t\t<svg aria-hidden=\"true\" class=\"e-font-icon-svg e-far-file\" viewBox=\"0 0 384 512\" xmlns=\"http:\/\/www.w3.org\/2000\/svg\"><path d=\"M369.9 97.9L286 14C277 5 264.8-.1 252.1-.1H48C21.5 0 0 21.5 0 48v416c0 26.5 21.5 48 48 48h288c26.5 0 48-21.5 48-48V131.9c0-12.7-5.1-25-14.1-34zM332.1 128H256V51.9l76.1 76.1zM48 464V48h160v104c0 13.3 10.7 24 24 24h104v288H48z\"><\/path><\/svg>\t\t\t<\/span>\n\t\t\t\t\t\t\t\t\t<span class=\"elementor-button-text\">Download Igel-Patienteninformation<\/span>\n\t\t\t\t\t<\/span>\n\t\t\t\t\t<\/a>\n\t\t\t\t\t\t\t\t<\/div>\n\t\t\t\t<div class=\"elementor-element elementor-element-198e7b46 elementor-widget elementor-widget-text-editor\" data-id=\"198e7b46\" data-element_type=\"widget\" data-e-type=\"widget\" data-widget_type=\"text-editor.default\">\n\t\t\t\t\t\t\t\t\t<div id=\"1529302394\" class=\"u_1529302394 dmRespRow\"><div id=\"1872690848\" class=\"dmRespColsWrapper\"><div id=\"1658832788\" class=\"u_1658832788 dmRespCol small-12 medium-12 large-12\" data-anim-desktop=\"fadeInUp\"><div><h3>\u00a0<\/h3><\/div><div id=\"1144088973\" class=\"u_1144088973 dmNewParagraph\">\u00a0<\/div><p><a style=\"font-size: 14px; text-align: var(--text-align);\" href=\"https:\/\/irp-cdn.multiscreensite.com\/c1f7fbae\/files\/uploaded\/kvbw_igel-kodex_flyer_neu.pdf\" target=\"_blank\" rel=\"noopener\">Download IGEL<\/a><\/p><\/div><\/div><\/div><div id=\"1652038747\" class=\"u_1652038747 dmRespRow\"><div id=\"1990945570\" class=\"dmRespColsWrapper\"><div id=\"1234602675\" class=\"u_1234602675 dmRespCol small-12 large-6 medium-6\" data-anim-desktop=\"fadeInUp\"><div><h4>\u00a0<\/h4><h2>besondere Leistungen<\/h2><ul class=\"innerList defaultList\"><li>erweiterte und oder zus\u00e4tzliche Gesundheitsuntersuchungen<\/li><\/ul><ul class=\"innerList defaultList\"><li>Reisemedizinische Beratung<\/li><\/ul><ul class=\"innerList defaultList\"><li>Thromboseprophylaxe<\/li><\/ul><ul class=\"innerList defaultList\"><li>Aufbaukuren<\/li><\/ul><ul class=\"innerList defaultList\"><li>Ern\u00e4hrungsberatung<\/li><\/ul><ul class=\"innerList defaultList\"><li>Unterst\u00fctzung bei der Tabakentw\u00f6hung<\/li><\/ul><ul class=\"innerList defaultList\"><li>Unterst\u00fctzung bei der Gewichtsreduktion<\/li><\/ul><ul class=\"innerList defaultList\"><li>PSA-Bestimmung zur Fr\u00fcherkennung des Prostata-Karzinoms<\/li><\/ul><ul class=\"innerList defaultList\"><li>sonographische Kontrolle der Inneren Organe<\/li><\/ul><ul class=\"innerList defaultList\"><li>Leber Checkup<\/li><\/ul><ul class=\"innerList defaultList\"><li>Schilddr\u00fcsen-Checkup<\/li><\/ul><ul class=\"innerList defaultList\"><li>Atherosklerose- Checkup<\/li><\/ul><ul class=\"innerList defaultList\"><li>Lungenfunktionspr\u00fcfung zur Fr\u00fcherkennung von Atemwegsst\u00f6rungen<\/li><\/ul><ul class=\"innerList defaultList\"><li>Alzheimer-Checkup<\/li><\/ul><ul class=\"innerList defaultList\"><li>Sporttauglichkeitsuntersuchungen<\/li><\/ul><\/div><\/div><div id=\"1475874586\" class=\"dmRespCol large-6 medium-6 small-12\"><div id=\"1177463061\" class=\"u_1177463061 imageWidget align-center\" data-element-type=\"image\" data-widget-type=\"image\"><a id=\"1953118703\"><\/a><img decoding=\"async\" id=\"1692274818\" class=\"\" src=\"https:\/\/lirp.cdn-website.com\/c1f7fbae\/import\/clib\/hausarzt-marbach_de\/dms3rep\/multi\/opt\/igel-kodex-uni-160x156-1920w.png\" data-dm-image-path=\"https:\/\/irp-cdn.multiscreensite.com\/c1f7fbae\/import\/clib\/hausarzt-marbach_de\/dms3rep\/multi\/igel-kodex-uni-160x156.png\" \/><\/div><\/div><\/div><\/div><div id=\"1774887851\" class=\"u_1774887851 dmRespRow\"><div id=\"1349112072\" class=\"dmRespColsWrapper\"><div id=\"1615977983\" class=\"u_1615977983 dmRespCol small-12 medium-12 large-12\" data-anim-desktop=\"fadeInUp\"><div><h4>\u00a0<\/h4><h2>weitere Leistungsangebote<\/h2><ul class=\"innerList defaultList\"><li>gro\u00dfes Attest<\/li><\/ul><ul class=\"innerList defaultList\"><li>kleines Attest<\/li><\/ul><ul class=\"innerList defaultList\"><li>Versicherungsgutachten<\/li><\/ul><ul class=\"innerList defaultList\"><li>Wunschlabor<\/li><\/ul><ul class=\"innerList defaultList\"><li>Immunologische Stuhluntersuchungen<\/li><\/ul><\/div><\/div><\/div><\/div>\t\t\t\t\t\t\t\t<\/div>\n\t\t\t\t\t<\/div>\n\t\t\t\t<\/div>\n\t\t\t\t<\/div>\n\t\t","protected":false},"excerpt":{"rendered":"<p>Individuelle Gesundheitsleistungen Sie erhalten vor der Durchf\u00fchrung sogenannter Individueller Gesundheitsleistungen (IGeL) von unserer Praxis immer eine Honorarvereinbarung mit den im Detail aufgef\u00fchrten Kosten der von Ihnen gew\u00fcnschten Selbstzahler-Leistung(en). Wir bitten Sie, die Honorarvereinbarung am Tag der Untersuchung unterschrieben in der Praxis abzugeben. Ohne Ihre Unterschrift k\u00f6nnen wir die Untersuchungen nicht durchf\u00fchren. Informationen erhalten Sie auch<\/p>\n","protected":false},"author":1,"featured_media":0,"parent":0,"menu_order":0,"comment_status":"closed","ping_status":"closed","template":"","meta":{"pagelayer_contact_templates":[],"_pagelayer_content":"","footnotes":""},"class_list":["post-4691","page","type-page","status-publish","hentry"],"_links":{"self":[{"href":"https:\/\/publishing-arts.de\/hausarzt-marbach-staging\/wp-json\/wp\/v2\/pages\/4691","targetHints":{"allow":["GET"]}}],"collection":[{"href":"https:\/\/publishing-arts.de\/hausarzt-marbach-staging\/wp-json\/wp\/v2\/pages"}],"about":[{"href":"https:\/\/publishing-arts.de\/hausarzt-marbach-staging\/wp-json\/wp\/v2\/types\/page"}],"author":[{"embeddable":true,"href":"https:\/\/publishing-arts.de\/hausarzt-marbach-staging\/wp-json\/wp\/v2\/users\/1"}],"replies":[{"embeddable":true,"href":"https:\/\/publishing-arts.de\/hausarzt-marbach-staging\/wp-json\/wp\/v2\/comments?post=4691"}],"version-history":[{"count":22,"href":"https:\/\/publishing-arts.de\/hausarzt-marbach-staging\/wp-json\/wp\/v2\/pages\/4691\/revisions"}],"predecessor-version":[{"id":5247,"href":"https:\/\/publishing-arts.de\/hausarzt-marbach-staging\/wp-json\/wp\/v2\/pages\/4691\/revisions\/5247"}],"wp:attachment":[{"href":"https:\/\/publishing-arts.de\/hausarzt-marbach-staging\/wp-json\/wp\/v2\/media?parent=4691"}],"curies":[{"name":"wp","href":"https:\/\/api.w.org\/{rel}","templated":true}]}}