{"id":4683,"date":"2026-02-11T15:11:24","date_gmt":"2026-02-11T14:11:24","guid":{"rendered":"https:\/\/publishing-arts.de\/hausarzt-marbach-staging\/?page_id=4683"},"modified":"2026-04-05T16:38:40","modified_gmt":"2026-04-05T15:38:40","slug":"urlaubsplanung","status":"publish","type":"page","link":"https:\/\/publishing-arts.de\/hausarzt-marbach-staging\/urlaubsplanung\/","title":{"rendered":"Urlaubsplanung und Schlie\u00dftage"},"content":{"rendered":"\n<p class=\"has-text-align-center has-medium-font-size\" style=\"letter-spacing:1px\"><strong>Im medizinischen Notfall bitte unbedingt die 116-117 (allgemeiner Notfalldienst) oder 112 w\u00e4hlen<\/strong><\/p>\n\n\n\n<figure class=\"wp-block-table\"><table class=\"has-medicenter-green-background-color has-background has-fixed-layout\"><tbody><tr><td class=\"has-text-align-center\" data-align=\"center\">Anlass der Schlie\u00dftage<\/td><td class=\"has-text-align-center\" data-align=\"center\">Datum der Schlie\u00dfung<\/td><td class=\"has-text-align-center\" data-align=\"center\">Vertretung<\/td><\/tr><tr><td class=\"has-text-align-center\" data-align=\"center\"><\/td><td class=\"has-text-align-center\" data-align=\"center\"><\/td><td class=\"has-text-align-center\" data-align=\"center\"><\/td><\/tr><tr><td class=\"has-text-align-center\" data-align=\"center\">Faschingsferien<\/td><td class=\"has-text-align-center\" data-align=\"center\">16.02.2026 bis 20.02.2026<\/td><td class=\"has-text-align-center\" data-align=\"center\"><br><em>Gemeinschaftspraxis Dres. med. Herzog, Burger &amp; Kollegen, Marbach, Tel.: 07144 \/ 9727 <\/em><br><\/td><\/tr><tr><td class=\"has-text-align-center\" data-align=\"center\">Br\u00fcckentag<\/td><td class=\"has-text-align-center\" data-align=\"center\">15.05.2026<\/td><td class=\"has-text-align-center\" data-align=\"center\"><br><em>Notfallpraxis Ludwigsburg, Erlachhofstr. 1, 71640 Ludwigsburg<\/em><br><br>(<strong>Eine telefonische Voranmeldung in der Notfallpraxis ist nicht n\u00f6tig.<\/strong> Mehr Infos unter <br><a href=\"http:\/\/www.notfallpraxis-ludwigsburg.de\">http:\/\/www.notfallpraxis-ludwigsburg.de<\/a>)<br><\/td><\/tr><tr><td class=\"has-text-align-center\" data-align=\"center\">Br\u00fcckentag<\/td><td class=\"has-text-align-center\" data-align=\"center\">05.06.2026<\/td><td class=\"has-text-align-center\" data-align=\"center\"><br><em>Notfallpraxis Ludwigsburg, Erlachhofstr. 1, 71640 Ludwigsburg<\/em><br><strong>Eine telefonische Voranmeldung in der Notfallpraxis ist nicht n\u00f6tig.<\/strong><br><a href=\"http:\/\/www.notfallpraxis-ludwigsburg.de\">http:\/\/www.notfallpraxis-ludwigsburg.de<\/a><br><\/td><\/tr><tr><td class=\"has-text-align-center\" data-align=\"center\">Sommerferien<\/td><td class=\"has-text-align-center\" data-align=\"center\">24.08.2026 bis 11.09.2026<\/td><td class=\"has-text-align-center\" data-align=\"center\"><br><em>Gemeinschaftspraxis Dres. med. Herzog, Burger &amp; Kollegen, Marbach, Tel.: 07144 \/ 97270<\/em><br><a href=\"http:\/\/www.notfallpraxis-ludwigsburg.de\">http:\/\/www.notfallpraxis-ludwigsburg.de<\/a><br><\/td><\/tr><\/tbody><\/table><\/figure>\n\n\n\n<p>&nbsp;<\/p>\n\n\n<p><!-- \/wp:post-content --><\/p>\n\n<p>Die weitere Planung der Schlie\u00dftage wird an dieser Stelle rechtzeitig bekanntgegeben.<\/p>\n<p>Bitte planen Sie rechtzeitig, wenn Sie Rezepte \/ \u00dcberweisungen oder Bescheinigungen w\u00e4hrend unserer Schlie\u00dfzeiten ben\u00f6tigen.<\/p>\n<p>\u00a0<\/p>","protected":false},"excerpt":{"rendered":"<p>Im medizinischen Notfall bitte unbedingt die 116-117 (allgemeiner Notfalldienst) oder 112 w\u00e4hlen Anlass der Schlie\u00dftage Datum der Schlie\u00dfung Vertretung Faschingsferien 16.02.2026 bis 20.02.2026 Gemeinschaftspraxis Dres. med. Herzog, Burger &amp; Kollegen, Marbach, Tel.: 07144 \/ 9727 Br\u00fcckentag 15.05.2026 Notfallpraxis Ludwigsburg, Erlachhofstr. 1, 71640 Ludwigsburg (Eine telefonische Voranmeldung in der Notfallpraxis ist nicht n\u00f6tig. Mehr Infos unter<\/p>\n","protected":false},"author":1,"featured_media":0,"parent":0,"menu_order":0,"comment_status":"closed","ping_status":"closed","template":"","meta":{"pagelayer_contact_templates":[],"_pagelayer_content":"","footnotes":""},"class_list":["post-4683","page","type-page","status-publish","hentry"],"_links":{"self":[{"href":"https:\/\/publishing-arts.de\/hausarzt-marbach-staging\/wp-json\/wp\/v2\/pages\/4683","targetHints":{"allow":["GET"]}}],"collection":[{"href":"https:\/\/publishing-arts.de\/hausarzt-marbach-staging\/wp-json\/wp\/v2\/pages"}],"about":[{"href":"https:\/\/publishing-arts.de\/hausarzt-marbach-staging\/wp-json\/wp\/v2\/types\/page"}],"author":[{"embeddable":true,"href":"https:\/\/publishing-arts.de\/hausarzt-marbach-staging\/wp-json\/wp\/v2\/users\/1"}],"replies":[{"embeddable":true,"href":"https:\/\/publishing-arts.de\/hausarzt-marbach-staging\/wp-json\/wp\/v2\/comments?post=4683"}],"version-history":[{"count":11,"href":"https:\/\/publishing-arts.de\/hausarzt-marbach-staging\/wp-json\/wp\/v2\/pages\/4683\/revisions"}],"predecessor-version":[{"id":5264,"href":"https:\/\/publishing-arts.de\/hausarzt-marbach-staging\/wp-json\/wp\/v2\/pages\/4683\/revisions\/5264"}],"wp:attachment":[{"href":"https:\/\/publishing-arts.de\/hausarzt-marbach-staging\/wp-json\/wp\/v2\/media?parent=4683"}],"curies":[{"name":"wp","href":"https:\/\/api.w.org\/{rel}","templated":true}]}}