{"id":4361,"date":"2025-11-10T09:27:46","date_gmt":"2025-11-10T09:27:46","guid":{"rendered":"https:\/\/publishing-arts.de\/hausarzt-marbach-staging\/?page_id=4361"},"modified":"2026-03-17T05:03:29","modified_gmt":"2026-03-17T04:03:29","slug":"notfall","status":"publish","type":"page","link":"https:\/\/publishing-arts.de\/hausarzt-marbach-staging\/notfall\/","title":{"rendered":"Notfall"},"content":{"rendered":"<div class=\"wpb-content-wrapper\"><p>[vc_row content_placement=&#8220;middle&#8220;][vc_column]<div class=\"announcement clearfix vertical-align-table\">\n\t\t\t\t\t<ul class=\"vertical-align\">\n\t\t\t\t\t\t<li class=\"vertical-align-cell\"><h2>Notfall<\/h2><p>Bei Lebensgefahr rufen Sie bitte zur schnellen Hilfe den Notarzt des Rettungsdienstes (bundesweit) unter<\/p>\n<h1><strong>112<\/strong><\/h1>\n<p>\n<\/li><\/ul>\n\t\t\t<\/div><div class=\"announcement clearfix vertical-align-table\">\n\t\t\t\t\t<ul class=\"vertical-align\">\n\t\t\t\t\t\t<li class=\"vertical-align-cell\"><h2>Haus\u00e4rztlicher Notdienst<\/h2><\/p>\n<div id=\"1240342997\" class=\"u_1240342997 dmNewParagraph\" data-styletopreserve=\"{\">\n<p>Bundesweit einheitliche Rufnummer f\u00fcr den \u00e4rztlichen Bereitschaftsdienst<\/p>\n<div><\/div>\n<div><\/div>\n<h1><span class=\"lh-1 font-size-30\"><b><span class=\"lh-1\">116 117<\/span><\/b><\/span><\/h1>\n<div><b><span class=\"font-size-24 lh-1\">\u00a0<\/span><\/b><\/div>\n<div><\/div>\n<p>Wenn Sie au\u00dferhalb der Sprechzeiten dringend \u00e4rztliche Hilfe ben\u00f6tigen<br \/>\nund nicht wissen, wo sich in ihrer N\u00e4he eine Bereitschaftsdienstpraxis befindet,<br \/>\nw\u00e4hlen sie die 116 117. Egal, wo in Deutschland sie sich befinden.<br \/>\nSie h\u00f6ren dann in der Regel eine Bandansage mit Angabe der Adresse und \u00d6ffnungszeiten der n\u00e4chstgelegenen Notfallpraxis.<\/p>\n<\/div>\n<p>\n<\/li><\/ul>\n\t\t\t<\/div><div class=\"announcement clearfix vertical-align-table\">\n\t\t\t\t\t<ul class=\"vertical-align\">\n\t\t\t\t\t\t<li class=\"vertical-align-cell\"><h2>Notfallpraxis Ludwigsburg<\/h2><\/p>\n<div><\/div>\n<div id=\"1578155889\" class=\"u_1578155889 dmNewParagraph\">\n<p>Am Klinikum Ludwigsburg<\/p>\n<p>Erlachhofstr. 1<br \/>\n71640 Ludwigsburg<\/p>\n<p>\u00d6ffnungszeiten:<\/p>\n<p>Montag, Dienstag, Donnerstag ab 18 Uhr bis zum Folgetag 8 Uhr,<\/p>\n<div><\/div>\n<div>Mittwoch ab 13 Uhr bis zum Folgetag 8 Uhr<\/div>\n<p>Freitag ab 16 Uhr und \u00fcber das Wochenende<\/p>\n<div><\/div>\n<div>sowie Feiertags von 8 Uhr bis 8 Uhr des n\u00e4chsten Werktages.<\/div>\n<\/div>\n<p>\n<\/li><\/ul>\n\t\t\t<\/div><div class=\"announcement clearfix vertical-align-table\">\n\t\t\t\t\t<ul class=\"vertical-align\">\n\t\t\t\t\t\t<li class=\"vertical-align-cell\"><h2>Kinder\u00e4rztlicher Notfalldienst<\/h2><\/p>\n<div>Kinder\u00e4rztlicher Notfalldienst<\/div>\n<div id=\"1590087786\" class=\"u_1590087786 dmNewParagraph\">\n<p>Bundesweit einheitliche Rufnummer f\u00fcr den \u00e4rztlichen Bereitschaftsdienst<\/p>\n<div><\/div>\n<div><\/div>\n<div><span class=\"lh-1 font-size-30\"><b>01805 0112030<\/b><\/span><\/div>\n<\/div>\n<p>\n<\/li><\/ul>\n\t\t\t<\/div><div class=\"announcement clearfix vertical-align-table\">\n\t\t\t\t\t<ul class=\"vertical-align\">\n\t\t\t\t\t\t<li class=\"vertical-align-cell\"><h2>Weitere, wichtige Notfallnummern<\/h2><p>Rettungsleitstelle Ludwigsburg: 19 222<\/p>\n<p>Zahn\u00e4rztlicher Notfalldienst: 0711 &#8211; 7 87 77 33<\/p>\n<p>Augen\u00e4rztlicher Notfalldienst: 0180 607 141 0<\/p>\n<p>HNO Notfalldienst<\/p>\n<p>N\u00f6rdlicher Landkreis Ludwigsburg\u00a0\u00a0\u00a0\u00a0\u00a0\u00a0\u00a0\u00a0 01805 120112<\/p>\n<p>S\u00fcdlicher Landkreis Ludwigsburg\u00a0\u00a0\u00a0\u00a0\u00a0\u00a0\u00a0\u00a0\u00a0 01805 003656<\/p>\n<p>Apotheken Notdienst<br \/>\n<a href=\"http:\/\/www.aponet.de\/service\/notdienstapotheke-finden\/suchergebnis\/0\/71672%2BMarbach\/-\/20.html?as=0\" target=\"_blank\" rel=\"noopener\">http:\/\/www.aponet.de\/service\/notdienstapotheke-finden\/suchergebnis\/0\/71672%2BMarbach\/-\/20.html?as=0<\/a><\/p>\n<\/li><\/ul>\n\t\t\t<\/div>[\/vc_column][\/vc_row][vc_row][vc_column][vc_raw_html]JTNDc2NyaXB0JTIwc3JjJTNEJTIyaHR0cHMlM0ElMkYlMkYzMjFtZWQxMy5jb20lMkZjZG4lMkZzZXJ2ZXIlMkYzNWRjMDhlMDA1YjY2OTY3Y2M0Yzk1YTVmMjVhMWE1NjIxOGI2ZjUyJTJGMzIxbWVkLmpzJTIyJTNFJTNDJTJGc2NyaXB0JTNFJTNDc2NyaXB0JTIwc3JjJTNEJTIyaHR0cHMlM0ElMkYlMkYzMjFtZWQtY2RuLmNvbSUyRjMyMW1lZC5qcyUyMiUzRSUzQyUyRnNjcmlwdCUzRQ==[\/vc_raw_html][\/vc_column][\/vc_row]<\/p>\n<\/div>","protected":false},"excerpt":{"rendered":"<p>[vc_row content_placement=&#8220;middle&#8220;][vc_column][\/vc_column][\/vc_row][vc_row][vc_column][vc_raw_html]JTNDc2NyaXB0JTIwc3JjJTNEJTIyaHR0cHMlM0ElMkYlMkYzMjFtZWQxMy5jb20lMkZjZG4lMkZzZXJ2ZXIlMkYzNWRjMDhlMDA1YjY2OTY3Y2M0Yzk1YTVmMjVhMWE1NjIxOGI2ZjUyJTJGMzIxbWVkLmpzJTIyJTNFJTNDJTJGc2NyaXB0JTNFJTNDc2NyaXB0JTIwc3JjJTNEJTIyaHR0cHMlM0ElMkYlMkYzMjFtZWQtY2RuLmNvbSUyRjMyMW1lZC5qcyUyMiUzRSUzQyUyRnNjcmlwdCUzRQ==[\/vc_raw_html][\/vc_column][\/vc_row]<\/p>\n","protected":false},"author":1,"featured_media":0,"parent":0,"menu_order":0,"comment_status":"closed","ping_status":"closed","template":"","meta":{"pagelayer_contact_templates":[],"_pagelayer_content":"","footnotes":""},"class_list":["post-4361","page","type-page","status-publish","hentry"],"_links":{"self":[{"href":"https:\/\/publishing-arts.de\/hausarzt-marbach-staging\/wp-json\/wp\/v2\/pages\/4361","targetHints":{"allow":["GET"]}}],"collection":[{"href":"https:\/\/publishing-arts.de\/hausarzt-marbach-staging\/wp-json\/wp\/v2\/pages"}],"about":[{"href":"https:\/\/publishing-arts.de\/hausarzt-marbach-staging\/wp-json\/wp\/v2\/types\/page"}],"author":[{"embeddable":true,"href":"https:\/\/publishing-arts.de\/hausarzt-marbach-staging\/wp-json\/wp\/v2\/users\/1"}],"replies":[{"embeddable":true,"href":"https:\/\/publishing-arts.de\/hausarzt-marbach-staging\/wp-json\/wp\/v2\/comments?post=4361"}],"version-history":[{"count":12,"href":"https:\/\/publishing-arts.de\/hausarzt-marbach-staging\/wp-json\/wp\/v2\/pages\/4361\/revisions"}],"predecessor-version":[{"id":4921,"href":"https:\/\/publishing-arts.de\/hausarzt-marbach-staging\/wp-json\/wp\/v2\/pages\/4361\/revisions\/4921"}],"wp:attachment":[{"href":"https:\/\/publishing-arts.de\/hausarzt-marbach-staging\/wp-json\/wp\/v2\/media?parent=4361"}],"curies":[{"name":"wp","href":"https:\/\/api.w.org\/{rel}","templated":true}]}}