{"id":3811,"date":"2018-10-25T12:36:29","date_gmt":"2018-10-25T12:36:29","guid":{"rendered":"http:\/\/quanticalabs.com\/wptest\/medicenter-new\/?page_id=3811"},"modified":"2026-03-26T05:21:40","modified_gmt":"2026-03-26T04:21:40","slug":"about","status":"publish","type":"page","link":"https:\/\/publishing-arts.de\/hausarzt-marbach-staging\/about\/","title":{"rendered":"Die Praxis"},"content":{"rendered":"<div class=\"wpb-content-wrapper\"><p>[vc_row top_margin=&#8220;page-margin-top-section&#8220;][vc_column width=&#8220;1\/2&#8243; el_class=&#8220;padding-right-30&#8243;][vc_single_image image=&#8220;4390&#8243; img_size=&#8220;medicenter-vertical-image&#8220; style=&#8220;vc_box_rounded&#8220; css_animation=&#8220;appear&#8220; css=&#8220;&#8220; el_class=&#8220;page-margin-top side-image&#8220;][vc_single_image image=&#8220;4321&#8243; img_size=&#8220;medicenter-vertical-image&#8220; add_caption=&#8220;yes&#8220; alignment=&#8220;right&#8220; style=&#8220;vc_box_rounded&#8220; css_animation=&#8220;appear&#8220; css=&#8220;&#8220;][vc_single_image image=&#8220;4535&#8243; img_size=&#8220;1920&#215;1281&#8243; add_caption=&#8220;yes&#8220; style=&#8220;vc_box_rounded&#8220; css_animation=&#8220;appear&#8220; css=&#8220;&#8220;][\/vc_column][vc_column width=&#8220;1\/2&#8243;]<h3 class=\"box-header\">Willkommen in der Praxis Dres. Biehl - Bartek-Biehl<\/h3><h2 class=\"box-header large margin-top-30 no-border\">Ihre bew\u00e4hrte, zuverl\u00e4ssige und innovative Hausarztpraxis<\/h2>[vc_column_text css=&#8220;&#8220; el_class=&#8220;large margin-top-10&#8243;]<\/p>\n<div>\n<h2 style=\"text-align: center;\"><strong>Unser Leitbild und unsere Ziele<\/strong><\/h2>\n<\/div>\n<div id=\"1900307989\" class=\"u_1900307989 dmNewParagraph\" data-anim-desktop=\"fadeInRight\">\n<p>Wir sind eine Facharztpraxis f\u00fcr Allgemeinmedizin und Innere Medizin. Wir stellen den Patienten in den Mittelpunkt unser t\u00e4glichen Arbeit. Das Wohl unserer Patienten liegt uns sehr am Herzen, wir wollen, dass Sie sich bei uns wohlf\u00fchlen.<\/p>\n<p>Daher verfolgen wir gemeinsam das Ziel Ihnen die beste medizinische Betreuung und Behandlung zukommen zu lassen. Unsere Arbeit erfolgt nach den neuesten Richtlinien der Berufsverb\u00e4nde und -kammern.<\/p>\n<p>Wir sind aktive Mitglieder des Deutschen Haus\u00e4rzteverbandes. Aktiv nehmen wir an den Disease Managementprogrammen (DMP) f\u00fcr chronisch kranke Patienten teil.<\/p>\n<\/div>\n<p>[\/vc_column_text]<ul class=\"simple-list margin-top-15 clearfix\"><li class=\"template-tick-2 clearfix\">\n\t\t\t<span>Unsere Praxis richtet sich nach den Bed\u00fcrfnissen und Notwendigkeiten f\u00fcr alle Patienten<\/span><\/li><li class=\"template-tick-2 clearfix\">\n\t\t\t<span>Wir sind Ihr Partner f\u00fcr Vorsorge, Diagnose und Behandlung.<\/span><\/li><li class=\"template-tick-2 clearfix\">\n\t\t\t<span>Mit unserer langj\u00e4hrigen Erfahrung k\u00f6nnen wir mit Ihnen gemeinsam entscheiden, ob und wann eine Facharzt-Erg\u00e4nzungsbehandlung oder Weiterbehandlung sinnvoll ist.<\/span><\/li><\/ul>[\/vc_column][\/vc_row][vc_row type=&#8220;full-width&#8220; el_class=&#8220;padding-top-89&#8243; css=&#8220;.vc_custom_1540216635141{background-color: #f0f0f0 !important;}&#8220;][vc_column][vc_row_inner][vc_column_inner]<h2 class=\"box-header large align-center\">Warum uns w\u00e4hlen<\/h2>[vc_column_text css=&#8220;&#8220; el_class=&#8220;large margin-top-20 align-center&#8220;]In unserer Praxis sind es die Menschen, die den Unterschied machen.<\/p>\n<p>Wir sind extrem stolz auf die F\u00e4higkeiten unserer Mitarbeiterinnen, aber v.a. auch die Leidenschaft, allen Patient:innen eine umfassende Behandlung auf h\u00f6chstem Niveau und mit Herz zu bieten.<\/p>\n<p>Wir arbeiten zusammen mit Ihren Fach\u00e4rztinnen und Fach\u00e4rzten, Physiotherapie- und Psychotherapie-Fachleuten.[\/vc_column_text][\/vc_column_inner][\/vc_row_inner][\/vc_column][\/vc_row]<\/p>\n<\/div>","protected":false},"excerpt":{"rendered":"<p>[vc_row top_margin=&#8220;page-margin-top-section&#8220;][vc_column width=&#8220;1\/2&#8243; el_class=&#8220;padding-right-30&#8243;][vc_single_image image=&#8220;4390&#8243; img_size=&#8220;medicenter-vertical-image&#8220; style=&#8220;vc_box_rounded&#8220; css_animation=&#8220;appear&#8220; css=&#8220;&#8220; el_class=&#8220;page-margin-top side-image&#8220;][vc_single_image image=&#8220;4321&#8243; img_size=&#8220;medicenter-vertical-image&#8220; add_caption=&#8220;yes&#8220; alignment=&#8220;right&#8220; style=&#8220;vc_box_rounded&#8220; css_animation=&#8220;appear&#8220; css=&#8220;&#8220;][vc_single_image image=&#8220;4535&#8243; img_size=&#8220;1920&#215;1281&#8243; add_caption=&#8220;yes&#8220; style=&#8220;vc_box_rounded&#8220; css_animation=&#8220;appear&#8220; css=&#8220;&#8220;][\/vc_column][vc_column width=&#8220;1\/2&#8243;][vc_column_text css=&#8220;&#8220; el_class=&#8220;large margin-top-10&#8243;] Unser Leitbild und unsere Ziele Wir sind eine Facharztpraxis f\u00fcr Allgemeinmedizin und Innere Medizin. Wir stellen den Patienten in den Mittelpunkt unser t\u00e4glichen Arbeit. Das Wohl unserer<\/p>\n","protected":false},"author":1,"featured_media":0,"parent":0,"menu_order":0,"comment_status":"closed","ping_status":"closed","template":"","meta":{"pagelayer_contact_templates":[],"_pagelayer_content":"","footnotes":""},"class_list":["post-3811","page","type-page","status-publish","hentry"],"_links":{"self":[{"href":"https:\/\/publishing-arts.de\/hausarzt-marbach-staging\/wp-json\/wp\/v2\/pages\/3811","targetHints":{"allow":["GET"]}}],"collection":[{"href":"https:\/\/publishing-arts.de\/hausarzt-marbach-staging\/wp-json\/wp\/v2\/pages"}],"about":[{"href":"https:\/\/publishing-arts.de\/hausarzt-marbach-staging\/wp-json\/wp\/v2\/types\/page"}],"author":[{"embeddable":true,"href":"https:\/\/publishing-arts.de\/hausarzt-marbach-staging\/wp-json\/wp\/v2\/users\/1"}],"replies":[{"embeddable":true,"href":"https:\/\/publishing-arts.de\/hausarzt-marbach-staging\/wp-json\/wp\/v2\/comments?post=3811"}],"version-history":[{"count":60,"href":"https:\/\/publishing-arts.de\/hausarzt-marbach-staging\/wp-json\/wp\/v2\/pages\/3811\/revisions"}],"predecessor-version":[{"id":5031,"href":"https:\/\/publishing-arts.de\/hausarzt-marbach-staging\/wp-json\/wp\/v2\/pages\/3811\/revisions\/5031"}],"wp:attachment":[{"href":"https:\/\/publishing-arts.de\/hausarzt-marbach-staging\/wp-json\/wp\/v2\/media?parent=3811"}],"curies":[{"name":"wp","href":"https:\/\/api.w.org\/{rel}","templated":true}]}}