{"id":3,"date":"2025-11-07T20:08:53","date_gmt":"2025-11-07T20:08:53","guid":{"rendered":"https:\/\/publishing-arts.de\/hausarzt-marbach-staging\/?page_id=3"},"modified":"2026-04-05T20:33:05","modified_gmt":"2026-04-05T19:33:05","slug":"privacy-policy","status":"publish","type":"page","link":"https:\/\/publishing-arts.de\/hausarzt-marbach-staging\/privacy-policy\/","title":{"rendered":"Datenschutz"},"content":{"rendered":"\t\t<div data-elementor-type=\"wp-page\" data-elementor-id=\"3\" class=\"elementor elementor-3\">\n\t\t\t\t<div class=\"elementor-element elementor-element-28fac5e5 e-flex e-con-boxed e-con e-parent\" data-id=\"28fac5e5\" data-element_type=\"container\" data-e-type=\"container\">\n\t\t\t\t\t<div class=\"e-con-inner\">\n\t\t\t\t<div class=\"elementor-element elementor-element-5ee73562 elementor-widget elementor-widget-text-editor\" data-id=\"5ee73562\" data-element_type=\"widget\" data-e-type=\"widget\" data-widget_type=\"text-editor.default\">\n\t\t\t\t\t\t\t\t\t\n<h2 class=\"wp-block-heading\">Ihre Daten zu sch\u00fctzen ist absolut vorrangig.<\/h2>\n<p>Wir speichern nur das, was n\u00f6tig ist. Au\u00dferdem sind unsere Daten nicht in den USA, China, Indien, Russland!<\/p>\n\n<p>Datenschutzhinweise<\/p>\n\n<p>An dieser Stelle m\u00f6chten wir Sie gerne \u00fcber den Datenschutz bei Besuch unserer Webseite informieren. Der Schutz der Privatsph\u00e4re und Ihrer pers\u00f6nlichen Daten ist uns ein wichtiges Anliegen. Wir wollen personenbezogene Daten \u00fcber Sie nur mit Ihrem Wissen bzw. Ihrer Zustimmung erfassen und verarbeiten. Sie erfahren, welche Informationen wir gegebenenfalls speichern und f\u00fcr welche Zwecke wir sie verwenden. Wir verpflichten uns auf die Beachtung des Datenschutzes gem\u00e4\u00df EU-Datenschutzgrundverordnung (EU-DSGVO) und Bundesdatenschutzgesetz neue Fassung (BDSG nF).<\/p>\n\n<p>Diese Datenschutzerkl\u00e4rung informiert nach Ma\u00dfgabe der datenschutzrechtlichen Vorschriften \u00fcber die Datenerhebung beim Betroffenen, insbesondere mit Blick auf Art. 13 DSGVO in Verbindung mit \u00a7 4 BDSG nF und damit verbundene Verarbeitung von personenbezogenen Daten bei Besuch unserer Webseite.<br \/><br \/>1. Name und Anschrift der Verantwortlichen Stellen<\/p>\n\n<p>Verantwortlicher im Sinne der DSGVO, des BDSG nF und sonstiger in den Mitgliedstaaten der Europ\u00e4ischen Union geltenden Datenschutzgesetze und anderer Bestimmungen mit datenschutzrechtlichem Charakter ist die:<\/p>\n\n<p>Dr. med. univ. Karlheinz Biehl<br \/>Goethestra\u00dfe 2<br \/>71672 Marbach a.N.<\/p>\n\n<p>Telefon: 07144-5137<br \/>Telefax: 07144-17718<br \/><br \/>2. Erhebung und Verarbeitung pers\u00f6nlicher Daten<\/p>\n\n<p>Personenbezogene Daten sind Informationen, mit deren Hilfe eine Person identifizierbar ist oder die deren Verhalten beschreiben, also Angaben, die zur\u00fcck zu einer Person verfolgt werden k\u00f6nnen. Dazu geh\u00f6ren unter anderem der Name, die Emailadresse oder die Telefonnummer, aber auch Daten wie die IP-Adresse oder besuchte Webseiten.<\/p>\n\n<p>Gem\u00e4\u00df dem Grundsatz der Datenminimierung verarbeiten wir pers\u00f6nliche Daten nur dann, wenn dies f\u00fcr die in dieser Datenschutzerkl\u00e4rung beschriebenen Zwecke bzw. zur Erf\u00fcllung eines von Ihnen gew\u00fcnschten Zwecks unbedingt erforderlich ist. Es erfolgt keine Weitergabe Ihrer pers\u00f6nlichen Daten an Dritte, sofern dies nicht erforderlich ist und nicht ohne Ihr Einverst\u00e4ndnis. Ihre pers\u00f6nlichen Daten verwenden wir, um Ihren Auftrag zu bearbeiten, Ihre Anfrage zu beantworten oder Ihnen Zugang zu speziellen Informationen und Angeboten zu verschaffen.<br \/><br \/>3. Zugriffsdaten\/ Server-Logfiles<\/p>\n\n<p>Bei Besuch der Webseite werden Daten \u00fcber jeden Zugriff auf das Angebot (so genannte Serverlogfiles) erhoben. Zu den Zugriffsdaten geh\u00f6ren: Name der abgerufenen Webseite, Datei, Datum und Uhrzeit des Abrufs, \u00fcbertragene Datenmenge, Meldung \u00fcber erfolgreichen Abruf, Browsertyp nebst Version, das Betriebssystem des Nutzers, Referrer URL (die zuvor besuchte Seite), IP-Adresse und der anfragende Provider.<\/p>\n\n<p>Wir verwenden diese technischen Zugriffsinformationen auf Basis von Art. 6 Abs. 1 lit. f DSGVO (berechtigtes Interesse) ausschlie\u00dflich, um die Attraktivit\u00e4t und Bedienbarkeit unserer Webseiten zu verbessern und ggf. technische Probleme und St\u00f6rungen auf unserer Webseite fr\u00fchzeitig zu erkennen. Eine Speicherung der Daten erfolgt f\u00fcr einen Zeitraum von 4 Wochen.<br \/><br \/>4. Nutzung des Kontaktformulars \/ Kontaktaufnahme<\/p>\n\n<p>Sie k\u00f6nnen \u00fcber ein Formular einfach und bequem Kontakt mit uns aufnehmen. Bei Nutzung des Kontaktformulars werden personenbezogene Daten nur in dem von Ihnen zur Verf\u00fcgung gestellten Umfang erhoben. Es steht Ihnen frei, unser Kontaktformular auch ohne Angabe pers\u00f6nlicher Daten zu nutzen.<\/p>\n\n<p>Alle Angaben erfolgen damit freiwillig und werden direkt bei Ihnen als betroffenen Person erhoben. Ihre freiwillig zur Verf\u00fcgung gestellten personenbezogenen Daten werden f\u00fcr Zwecke der Bearbeitung Ihres Anliegens sowie ggf. entstehende Anschlussfragen und der in diesem Kontext ggf. ben\u00f6tigten Kontaktaufnahme gespeichert. Es erfolgt keine Weitergabe dieser personenbezogenen Daten an Dritte.<\/p>\n\n<p>Gleiches gilt auch f\u00fcr die Kontaktaufnahme per E-Mail, Telefon oder Post. Bitte beachten Sie, dass hierbei ggf. weitere, sich aus dem gew\u00e4hlten Kommunikationskanal ergebenden Daten (E-Mail-Adresse bzw. \u00fcbermittelte Telefonnummer) anfallen.<\/p>\n\n<p>Die Verarbeitung der Daten erfolgt auf Basis von Art. 6 I lit. a DSGVO (Einwilligung) f\u00fcr die freiwilligen Angaben sowie Art. 6 Abs. 1 lit. f DSGVO (berechtigtes Interesse) f\u00fcr die Nutzung der Angaben f\u00fcr die Bearbeitung des Anliegens.<\/p>\n\n<p>Die von Ihnen im Kontaktformular eingegebenen Daten verbleiben bei uns, bis Sie uns zur L\u00f6schung auffordern, Ihre Einwilligung zur Speicherung widerrufen oder der Zweck f\u00fcr die Datenspeicherung entf\u00e4llt (z.B. nach abgeschlossener Bearbeitung Ihrer Anfrage). Zwingende gesetzliche Bestimmungen \u2013 insbesondere Aufbewahrungsfristen \u2013 bleiben unber\u00fchrt.<\/p>\n\n<p>Bitte beachten Sie, dass \u00fcber die zur Verf\u00fcgung gestellten Kontaktwege ggf. keine verschl\u00fcsselte und\/oder signierte Kommunikation m\u00f6glich ist. F\u00fcr die Versendung von sensiblen Informationen ist es empfehlenswert, den Postweg zu nutzen.<br \/><br \/>5. Einbindung von Diensten und Inhalten Dritter<\/p>\n\n<p>Es kann vorkommen, dass innerhalb dieses Onlineangebotes Inhalte Dritter, wie zum Beispiel Videos von YouTube, Kartenmaterial von Google-Maps, RSS-Feeds oder Grafiken von anderen Webseiten eingebunden werden. Dies setzt immer voraus, dass die Anbieter dieser Inhalte (nachfolgend bezeichnet als &#8222;Dritt-Anbieter&#8220;) die IP-Adresse der Nutzer wahrnehmen. Denn ohne die IP-Adresse k\u00f6nnten sie die Inhalte nicht an den Browser des jeweiligen Nutzers senden. Die IP-Adresse ist damit f\u00fcr die Darstellung dieser Inhalte erforderlich. Wir bem\u00fchen uns nur solche Inhalte zu verwenden, deren jeweilige Anbieter die IP-Adresse lediglich zur Auslieferung der Inhalte verwenden. Jedoch haben wir keinen Einfluss darauf, falls die Dritt-Anbieter die IP-Adresse z.B. f\u00fcr statistische Zwecke speichern. Soweit dies uns bekannt ist, kl\u00e4ren wir die Nutzer dar\u00fcber auf.<\/p>\n\n<p>Diese Verarbeitung erfolgt auf Basis von berechtigtem Interesse im Sinne von Art. 6 Abs. 1 lit. f DSGVO.<br \/><br \/>6. Cookies<\/p>\n\n<p>Unsere Internetseiten verwenden teilweise so genannte Cookies. Cookies sind kleine Textdateien, die auf Ihrem Rechner abgelegt werden und die Ihr Browser speichert. Session Cookies werden nur f\u00fcr die Dauer des Zugriffs gespeichert und beim Schlie\u00dfen des Browsers automatisch gel\u00f6scht. Diese Cookies enthalten keine personenbezogenen Daten, sondern identifizieren lediglich den Browser, mit dem auf die Internetseite zugegriffen wird. Sie dienen dazu, unser Angebot nutzerfreundlicher, effektiver und sicherer zu machen.<\/p>\n\n<p>Session Cookies werden dabei nur f\u00fcr die Dauer des Zugriffs gespeichert und beim Schlie\u00dfen des Browsers automatisch gel\u00f6scht. Diese Cookies enthalten keine personenbezogenen Daten, sondern identifizieren lediglich den Browser, mit dem auf die Internetseite zugegriffen wird.<\/p>\n\n<p>Andere Cookies erm\u00f6glichen es, auf dem Zugriffsger\u00e4t der Nutzer (PC, Smartphone o.\u00e4.) spezifische, auf das Ger\u00e4t bezogene Informationen zu speichern, auch \u00fcber eine Sitzung hinaus. Sie dienen zum Beispiel dazu, Seiteneinstellungen auch f\u00fcr k\u00fcnftige Webseitenbesuche vorzuhalten. Diese Cookies bleiben auf Ihrem Endger\u00e4t gespeichert bis Sie diese l\u00f6schen. Diese Cookies erm\u00f6glichen es uns, Ihren Browser beim n\u00e4chsten Besuch wiederzuerkennen.<\/p>\n\n<p>Cookies, die zur Durchf\u00fchrung des elektronischen Kommunikationsvorgangs oder zur Bereitstellung bestimmter, von Ihnen erw\u00fcnschter Funktionen erforderlich sind, werden auf Grundlage von Art. 6 Abs. 1 lit. f (berechtigtes Interesse) DSGVO gespeichert. Der Websitebetreiber hat ein berechtigtes Interesse an der Speicherung von Cookies zur technisch fehlerfreien und optimierten Bereitstellung seiner Dienste. Soweit andere Cookies (z.B. Cookies zur Analyse Ihres Surfverhaltens) gespeichert werden, werden diese in dieser Datenschutzerkl\u00e4rung gesondert behandelt.<\/p>\n\n<p>Die meisten Browser sind so eingestellt, dass sie Cookies automatisch akzeptieren. Das Speichern von Cookies kann in den Browsern deaktiviert oder so eingestellt werden, dass sobald Cookies gesendet werden eine Benachrichtigung erfolgt.<br \/><br \/>7. L\u00f6schung von personenbezogenen Daten<\/p>\n\n<p>Wir speichern personenbezogene Daten der betroffenen Person nur f\u00fcr den Zeitraum, der zur Erreichung des Speicherungszwecks erforderlich ist. Entf\u00e4llt der Speicherungszweck oder l\u00e4uft eine Speicherfrist ab, werden die personenbezogenen Daten und entsprechend den gesetzlichen Vorschriften gel\u00f6scht.<br \/><br \/>8. Betroffenenrechte<\/p>\n\n<p>Ihnen stehen als Betroffenem grunds\u00e4tzlich die Rechte auf Auskunft dar\u00fcber, welche personenbezogenen Daten \u00fcber Sie gespeichert wurden. Sofern Ihr Wunsch nicht mit einer gesetzlichen Pflicht zur Aufbewahrung von Daten kollidiert, haben Sie ein Anrecht auf Berichtigung falscher Daten und auf die L\u00f6schung bzw. Einschr\u00e4nkung der Verarbeitung der personenbezogenen Daten. Beruht die Verarbeitung auf einer Einwilligung (gem. Art. 6 Abs. 1 lit. a DSGVO oder Art. 9 Abs. 2 lit. a DSGVO), so kann diese Einwilligung jederzeit widerrufen werden, ohne dass die Rechtm\u00e4\u00dfigkeit der aufgrund der Einwilligung bis zum Widerruf erfolgten Verarbeitung ber\u00fchrt wird. Zus\u00e4tzlich haben Sie ein Recht auf Daten\u00fcbertragbarkeit.<br \/><br \/>9. Rechtsgrundlagen der Verarbeitung<\/p>\n\n<p>Art. 6 I lit. a DSGVO dient unserem Unternehmen als Rechtsgrundlage f\u00fcr Verarbeitungsvorg\u00e4nge, bei denen wir eine Einwilligung f\u00fcr einen bestimmten Verarbeitungszweck einholen.<\/p>\n\n<p>Bei der Verarbeitung von personenbezogenen Daten, die zur Erf\u00fcllung eines Vertrages, dessen Vertragspartei die betroffene Person ist, erforderlich ist, dient Art. 6 I lit. b DSGVO als Rechtsgrundlage. Dies gilt auch f\u00fcr Verarbeitungsvorg\u00e4nge, die zur Durchf\u00fchrung vorvertraglicher Ma\u00dfnahmen erforderlich sind.<\/p>\n\n<p>Soweit eine Verarbeitung personenbezogener Daten zur Erf\u00fcllung einer rechtlichen Verpflichtung erforderlich ist, der unser Unternehmen unterliegt, dient Art. 6 I lit. c DSGVO als Rechtsgrundlage.<\/p>\n\n<p>F\u00fcr den Fall, dass lebenswichtige Interessen der betroffenen Person oder einer anderen nat\u00fcrlichen Person eine Verarbeitung personenbezogener Daten erforderlich machen, dient Art. 6 Abs. 1 lit. d DSGVO als Rechtsgrundlage. Ist die Verarbeitung zur Wahrung eines berechtigten Interesses unseres Unternehmens oder eines Dritten erforderlich und \u00fcberwiegen die Interessen, Grundrechte und Grundfreiheiten des Betroffenen das erstgenannte Interesse nicht, so dient Art. 6 I lit. f DSGVO als Rechtsgrundlage f\u00fcr die Verarbeitung.<br \/><br \/>10. Sicherheit Ihrer Daten<\/p>\n\n<p>Die von Ihnen \u00fcbermittelten Daten werden bei uns durch geeignete technische und organisatorische Mittel gesch\u00fctzt, um sie vor zuf\u00e4lligen oder vors\u00e4tzlichen Manipulationen, Verlust, Zerst\u00f6rung oder Zugriff unberechtigter Personen zu sch\u00fctzen. Unsere Sicherheitsma\u00dfnahmen werden entsprechend der technologischen Entwicklung und organisatorischer M\u00f6glichkeiten fortlaufend kontrolliert und verbessert.\u00a0<\/p>\n\n<p>11. Kooperation mit dem Dienstleister 321 MED<\/p>\n\n<p>Wir haben mit dem Anbieter 321 MED einen datenschutzrechtlich vorgeschriebenen Vertrag \u00fcber Auftragsverarbeitung (AVV) geschlossen. Hierbei handelt es sich um einen Vertrag, der gew\u00e4hrleistet, dass der jeweilige Anbieter personenbezogene Daten der User unserer Website nur nach unseren Weisungen sowie unter Einhaltung der DSGVO verarbeitet.<\/p>\n\n<p>Weitere Informationen zu den via 321 MED verarbeiteten Daten sowie dar\u00fcber, welche Cookies wir verwenden und wie Sie Ihre Cookie-Einstellungen verwalten k\u00f6nnen, finden Sie in der Datenschutzerkl\u00e4rung von 321 MED unter https:\/\/321med.com\/de\/dataprotection.<\/p>\n\t\t\t\t\t\t\t\t<\/div>\n\t\t\t\t\t<\/div>\n\t\t\t\t<\/div>\n\t\t\t\t<\/div>\n\t\t","protected":false},"excerpt":{"rendered":"<p>Ihre Daten zu sch\u00fctzen ist absolut vorrangig. Wir speichern nur das, was n\u00f6tig ist. Au\u00dferdem sind unsere Daten nicht in den USA, China, Indien, Russland! Datenschutzhinweise An dieser Stelle m\u00f6chten wir Sie gerne \u00fcber den Datenschutz bei Besuch unserer Webseite informieren. Der Schutz der Privatsph\u00e4re und Ihrer pers\u00f6nlichen Daten ist uns ein wichtiges Anliegen. Wir<\/p>\n","protected":false},"author":1,"featured_media":0,"parent":0,"menu_order":0,"comment_status":"closed","ping_status":"closed","template":"","meta":{"pagelayer_contact_templates":[],"_pagelayer_content":"","footnotes":""},"class_list":["post-3","page","type-page","status-publish","hentry"],"_links":{"self":[{"href":"https:\/\/publishing-arts.de\/hausarzt-marbach-staging\/wp-json\/wp\/v2\/pages\/3","targetHints":{"allow":["GET"]}}],"collection":[{"href":"https:\/\/publishing-arts.de\/hausarzt-marbach-staging\/wp-json\/wp\/v2\/pages"}],"about":[{"href":"https:\/\/publishing-arts.de\/hausarzt-marbach-staging\/wp-json\/wp\/v2\/types\/page"}],"author":[{"embeddable":true,"href":"https:\/\/publishing-arts.de\/hausarzt-marbach-staging\/wp-json\/wp\/v2\/users\/1"}],"replies":[{"embeddable":true,"href":"https:\/\/publishing-arts.de\/hausarzt-marbach-staging\/wp-json\/wp\/v2\/comments?post=3"}],"version-history":[{"count":10,"href":"https:\/\/publishing-arts.de\/hausarzt-marbach-staging\/wp-json\/wp\/v2\/pages\/3\/revisions"}],"predecessor-version":[{"id":5275,"href":"https:\/\/publishing-arts.de\/hausarzt-marbach-staging\/wp-json\/wp\/v2\/pages\/3\/revisions\/5275"}],"wp:attachment":[{"href":"https:\/\/publishing-arts.de\/hausarzt-marbach-staging\/wp-json\/wp\/v2\/media?parent=3"}],"curies":[{"name":"wp","href":"https:\/\/api.w.org\/{rel}","templated":true}]}}