{"id":488,"date":"2025-07-07T17:01:02","date_gmt":"2025-07-07T16:01:02","guid":{"rendered":"https:\/\/publishing-arts.de\/didaktech\/?page_id=488"},"modified":"2025-07-07T17:01:02","modified_gmt":"2025-07-07T16:01:02","slug":"fuer-schulen-hochschulen","status":"publish","type":"page","link":"https:\/\/publishing-arts.de\/didaktech\/fuer-schulen-hochschulen\/","title":{"rendered":"F\u00fcr Schulen &#038; Hochschulen"},"content":{"rendered":"<p>Bereits <strong>seit 1996<\/strong> unterst\u00fctzen wir <strong>Hochschulen und Schulen<\/strong> bei Ihren verschiedenen Digitalisierungsma\u00dfnahmen sowie beim Betrieb!<\/p>\n<p>Wir sind als unabh\u00e4ngiger Berater und\/oder als Lieferant und Service-Dienstleister auch f\u00fcr kleine Projekte Ihr Ansprechpartner<\/p>\n<p>Wir bringen Expertise mit f\u00fcr Lernmanagement-Systeme (z.B. Moodle, Ilias, OpenOlat, CanvasLMS, schenck.de, time4you, im-c), f\u00fcr neue Systeme sind wir jedoch auch immer offen!<\/p>\n<p>Wir bringen Expertise f\u00fcr die Digitalisierung in Schulen seit 1996 mit<\/p>\n<p>Gleichzeitig kennen wir uns auch mit HIS (Hochschul-Informationssystemen) wie z.B. dem HISinOne aus.<br \/>\nNat\u00fcrlich k\u00f6nnen wir Ihnen auch im Bereich Live-Systeme (BigBlueButton, Jitsi usw.) behilflich sein.<br \/>\nAuch eine Cloud-, Backup- und Sicherungsstrategie sowie Anti-Virus-Ma\u00dfnahmen k\u00f6nnen Sie mit uns entwickeln.<\/p>\n<p>Selbstverst\u00e4ndlich k\u00f6nnen wir auch von der Beschaffung bis zur Verkabelung und Inbetriebnahme alles leisten, was eine Hochschule oder Schule ben\u00f6tigt.<\/p>\n","protected":false},"excerpt":{"rendered":"<p>Bereits seit 1996 unterst\u00fctzen wir Hochschulen und Schulen bei Ihren verschiedenen Digitalisierungsma\u00dfnahmen sowie beim Betrieb! Wir sind als unabh\u00e4ngiger Berater und\/oder als Lieferant und Service-Dienstleister auch f\u00fcr kleine Projekte Ihr Ansprechpartner Wir bringen Expertise mit f\u00fcr Lernmanagement-Systeme (z.B. Moodle, Ilias, OpenOlat, CanvasLMS, schenck.de, time4you, im-c), f\u00fcr neue Systeme sind wir jedoch auch immer offen! Wir bringen Expertise f\u00fcr die Digitalisierung in Schulen seit 1996 mit Gleichzeitig kennen wir uns auch mit HIS (Hochschul-Informationssystemen) wie z.B. dem HISinOne aus. Nat\u00fcrlich k\u00f6nnen wir Ihnen auch im Bereich Live-Systeme (BigBlueButton, Jitsi usw.) behilflich sein. Auch eine Cloud-, Backup- und Sicherungsstrategie sowie Anti-Virus-Ma\u00dfnahmen k\u00f6nnen Sie mit uns entwickeln. Selbstverst\u00e4ndlich k\u00f6nnen wir auch von der Beschaffung bis zur Verkabelung und Inbetriebnahme alles leisten, was eine Hochschule oder Schule ben\u00f6tigt.<\/p>\n","protected":false},"author":1,"featured_media":0,"parent":0,"menu_order":0,"comment_status":"closed","ping_status":"closed","template":"","meta":{"pagelayer_contact_templates":[],"_pagelayer_content":"","footnotes":""},"class_list":["post-488","page","type-page","status-publish","hentry"],"jetpack_sharing_enabled":true,"_links":{"self":[{"href":"https:\/\/publishing-arts.de\/didaktech\/wp-json\/wp\/v2\/pages\/488","targetHints":{"allow":["GET"]}}],"collection":[{"href":"https:\/\/publishing-arts.de\/didaktech\/wp-json\/wp\/v2\/pages"}],"about":[{"href":"https:\/\/publishing-arts.de\/didaktech\/wp-json\/wp\/v2\/types\/page"}],"author":[{"embeddable":true,"href":"https:\/\/publishing-arts.de\/didaktech\/wp-json\/wp\/v2\/users\/1"}],"replies":[{"embeddable":true,"href":"https:\/\/publishing-arts.de\/didaktech\/wp-json\/wp\/v2\/comments?post=488"}],"version-history":[{"count":1,"href":"https:\/\/publishing-arts.de\/didaktech\/wp-json\/wp\/v2\/pages\/488\/revisions"}],"predecessor-version":[{"id":490,"href":"https:\/\/publishing-arts.de\/didaktech\/wp-json\/wp\/v2\/pages\/488\/revisions\/490"}],"wp:attachment":[{"href":"https:\/\/publishing-arts.de\/didaktech\/wp-json\/wp\/v2\/media?parent=488"}],"curies":[{"name":"wp","href":"https:\/\/api.w.org\/{rel}","templated":true}]}}