{"id":26,"date":"2023-03-17T20:05:22","date_gmt":"2023-03-17T19:05:22","guid":{"rendered":"https:\/\/www.publishing-arts.de\/didaktech\/about\/"},"modified":"2023-03-19T00:09:47","modified_gmt":"2023-03-18T23:09:47","slug":"about","status":"publish","type":"page","link":"https:\/\/publishing-arts.de\/didaktech\/about\/","title":{"rendered":"\u00dcber uns"},"content":{"rendered":"\n\n\n\r\n<p>\u00dcber uns<\/p>\r\n\n\n\n\n\n\r\n<p>Informationen \u00fcber uns<\/p>\r\n\n\r\n<p style=\"font-size: 14px;\">Die E-Learning-Agentur didaktech e.K. ist eine der erfahrensten im deutschsprachigen Umfeld. Seit 2004 sind wir einer der interessanten Player am Markt, ein Vorg\u00e4ngerunternehmen existierte bereits seit 1995.<\/p>\r\n\n\r\n<p>Wir sind in vielen Gro\u00dfprojekten als Berater und Producer beteiligt gewesen, haben aber auch sehr kompakte Projekte zum Erfolg f\u00fchren k\u00f6nnen.<\/p>\r\n\n\n\n\n\n\n\n\n\n\n\n\n\n\n\n\n\n\n\n\n\n\n\n\n\n\n\n\n\n\n\n\n\n\n\n\n\n\n\n\n","protected":false},"excerpt":{"rendered":"","protected":false},"author":1,"featured_media":0,"parent":0,"menu_order":0,"comment_status":"closed","ping_status":"closed","template":"","meta":{"pagelayer_contact_templates":[],"_pagelayer_content":"","footnotes":""},"class_list":["post-26","page","type-page","status-publish","hentry"],"jetpack_sharing_enabled":true,"_links":{"self":[{"href":"https:\/\/publishing-arts.de\/didaktech\/wp-json\/wp\/v2\/pages\/26","targetHints":{"allow":["GET"]}}],"collection":[{"href":"https:\/\/publishing-arts.de\/didaktech\/wp-json\/wp\/v2\/pages"}],"about":[{"href":"https:\/\/publishing-arts.de\/didaktech\/wp-json\/wp\/v2\/types\/page"}],"author":[{"embeddable":true,"href":"https:\/\/publishing-arts.de\/didaktech\/wp-json\/wp\/v2\/users\/1"}],"replies":[{"embeddable":true,"href":"https:\/\/publishing-arts.de\/didaktech\/wp-json\/wp\/v2\/comments?post=26"}],"version-history":[{"count":5,"href":"https:\/\/publishing-arts.de\/didaktech\/wp-json\/wp\/v2\/pages\/26\/revisions"}],"predecessor-version":[{"id":139,"href":"https:\/\/publishing-arts.de\/didaktech\/wp-json\/wp\/v2\/pages\/26\/revisions\/139"}],"wp:attachment":[{"href":"https:\/\/publishing-arts.de\/didaktech\/wp-json\/wp\/v2\/media?parent=26"}],"curies":[{"name":"wp","href":"https:\/\/api.w.org\/{rel}","templated":true}]}}