{"id":25,"date":"2023-03-17T20:05:22","date_gmt":"2023-03-17T19:05:22","guid":{"rendered":"https:\/\/www.publishing-arts.de\/didaktech\/home\/"},"modified":"2025-10-08T14:53:01","modified_gmt":"2025-10-08T13:53:01","slug":"home","status":"publish","type":"page","link":"https:\/\/publishing-arts.de\/didaktech\/","title":{"rendered":"Start"},"content":{"rendered":"\n\n\nIf you think education is expensive,\n<p>try ignorance <\/p>\n<p>(D. Bok, Harvard University)<\/p>\n<p style=\"text-align: center; \"><font color=\"#f2f2f2\"><span style=\"caret-color: rgb(242, 242, 242);\">didaktech e.K. ist erfahrener Dienstleister f\u00fcr Website-Produktion, E-Learning (z.B. Web Based Trainings, Serious Games), IT-Service, und Arztpraxen-IT (Betreuung, Beratung)<\/span><\/font><\/p><p style=\"text-align: center; \"><span style=\"caret-color: rgb(242, 242, 242); color: rgb(242, 242, 242);\">Wir spielen mit Ihnen gemeinsam die die<\/span><\/p><p style=\"text-align: center; \"><font color=\"#f2f2f2\"><span style=\"caret-color: rgb(242, 242, 242);\">gesamte Klaviatur der IT &#8211; wo immer das sinnvoll ist!<\/span><\/font><\/p><p style=\"text-align: center; \"><font color=\"#f2f2f2\"><span style=\"caret-color: rgb(242, 242, 242);\">Weitere Themen:&nbsp;<\/span><\/font><\/p><p style=\"text-align: center; \"><font color=\"#f2f2f2\"><span style=\"caret-color: rgb(242, 242, 242);\">K\u00fcnstliche Intelligenz (KI, AI)<\/span><\/font><\/p><p style=\"text-align: center; \"><font color=\"#f2f2f2\"><span style=\"caret-color: rgb(242, 242, 242);\">professionelle Tonaufnahmen<\/span><\/font><\/p>\n<p><br><\/p>\n\n\n\n\n\n\n\n<p>Services<\/p>\n\n<p><span style=\"caret-color: rgb(122, 122, 122); color: rgb(122, 122, 122); font-family: Roboto, sans-serif; font-size: 13px; font-variant-caps: normal; letter-spacing: normal;\">Wir stehen f\u00fcr effizientere Technik &amp; Prozesse f\u00fcr<\/span><\/p><p style=\"margin-bottom: 10px; font-variant-caps: normal; font-size: 13px; line-height: inherit; font-family: Roboto, sans-serif; font-variant-alternates: inherit; font-variant-ligatures: inherit; font-variant-numeric: inherit; font-variant-east-asian: inherit; font-variant-position: inherit; caret-color: rgb(122, 122, 122); color: rgb(122, 122, 122); letter-spacing: normal;\"><strong>Ihre Ziele im Sektor Arztpraxen (Hard &amp; Software),&nbsp;<\/strong><span style=\"font-style: inherit; font-variant-caps: inherit; font-size: inherit; line-height: inherit; font-family: inherit; font-variant-alternates: inherit; font-variant-ligatures: inherit; font-variant-numeric: inherit; font-variant-east-asian: inherit; font-variant-position: inherit;\">E-Learning, Hochschulen und Schulen, Verlagsmedienservice, Content Redaktion,<\/span><\/p>\n<p style=\"margin-bottom: 10px; font-variant-caps: normal; font-size: 13px; line-height: inherit; font-family: Roboto, sans-serif; font-variant-alternates: inherit; font-variant-ligatures: inherit; font-variant-numeric: inherit; font-variant-east-asian: inherit; font-variant-position: inherit; caret-color: rgb(122, 122, 122); color: rgb(122, 122, 122); letter-spacing: normal;\"><span style=\"font-style: inherit; font-variant-caps: inherit; font-size: inherit; line-height: inherit; font-family: inherit; font-variant-alternates: inherit; font-variant-ligatures: inherit; font-variant-numeric: inherit; font-variant-east-asian: inherit; font-variant-position: inherit;\"> und Kleinunternehmen&nbsp;<\/span><\/p>\n<p style=\"margin-bottom: 10px; font-variant-caps: normal; font-size: 13px; line-height: inherit; font-family: Roboto, sans-serif; font-variant-alternates: inherit; font-variant-ligatures: inherit; font-variant-numeric: inherit; font-variant-east-asian: inherit; font-variant-position: inherit; caret-color: rgb(122, 122, 122); color: rgb(122, 122, 122); letter-spacing: normal;\"><br><\/p><p style=\"margin-bottom: 10px; font-variant-caps: normal; font-size: 13px; line-height: inherit; font-family: Roboto, sans-serif; font-variant-alternates: inherit; font-variant-ligatures: inherit; font-variant-numeric: inherit; font-variant-east-asian: inherit; font-variant-position: inherit; caret-color: rgb(122, 122, 122); color: rgb(122, 122, 122); letter-spacing: normal;\">Willkommen bei didaktech e.K.<\/p><p style=\"margin-bottom: 10px; font-variant-caps: normal; font-size: 13px; line-height: inherit; font-family: Roboto, sans-serif; font-variant-alternates: inherit; font-variant-ligatures: inherit; font-variant-numeric: inherit; font-variant-east-asian: inherit; font-variant-position: inherit; caret-color: rgb(122, 122, 122); color: rgb(122, 122, 122); letter-spacing: normal;\">&nbsp;<\/p><p style=\"margin-bottom: 10px; font-variant-caps: normal; font-size: 13px; line-height: inherit; font-family: Roboto, sans-serif; font-variant-alternates: inherit; font-variant-ligatures: inherit; font-variant-numeric: inherit; font-variant-east-asian: inherit; font-variant-position: inherit; caret-color: rgb(122, 122, 122); color: rgb(122, 122, 122); letter-spacing: normal;\"><span style=\"font-style: inherit; font-variant-caps: inherit; font-size: inherit; line-height: inherit; font-family: inherit; font-variant-alternates: inherit; font-variant-ligatures: inherit; font-variant-numeric: inherit; font-variant-east-asian: inherit; font-variant-position: inherit;\">\u2026 aus Marbach am Neckar in der Region Stuttgart!<\/span><\/p><p style=\"margin-bottom: 10px; font-variant-caps: normal; font-size: 13px; line-height: inherit; font-family: Roboto, sans-serif; font-variant-alternates: inherit; font-variant-ligatures: inherit; font-variant-numeric: inherit; font-variant-east-asian: inherit; font-variant-position: inherit; caret-color: rgb(122, 122, 122); color: rgb(122, 122, 122); letter-spacing: normal;\">Sie befinden sich hier auf den Informationsseiten eines au\u00dfergew\u00f6hnlichen Anbieters f\u00fcr&nbsp;<span style=\"font-style: inherit; font-variant-caps: inherit; font-size: inherit; line-height: inherit; font-family: inherit; font-variant-alternates: inherit; font-variant-ligatures: inherit; font-variant-numeric: inherit; font-variant-east-asian: inherit; font-variant-position: inherit;\">E-Learning Anwendungen- und Konzepte, Arztpraxen&nbsp;<\/span>sowie f\u00fcr Internet- und Intranetauftritte f\u00fcr kleine und mittlere Firmen und Institutionen. Zugleich sind wir Content-Agentur im Verlagswesen und als Inhalte-Ersteller im Presse-Sektor. <\/p>\n<p style=\"margin-bottom: 10px; font-variant-caps: normal; font-size: 13px; line-height: inherit; font-family: Roboto, sans-serif; font-variant-alternates: inherit; font-variant-ligatures: inherit; font-variant-numeric: inherit; font-variant-east-asian: inherit; font-variant-position: inherit; caret-color: rgb(122, 122, 122); color: rgb(122, 122, 122); letter-spacing: normal;\">Sie sind hier richtig, wenn Sie Ihre IT auf Vordermann bringen wollen, als Arztpraxis den neuen Anspr\u00fcchen gerecht werden wollen, Weiterbildungsbedarf in Ihrem Unternehmen haben, den Sie mit E-Learning-Ma\u00dfnahmen oder in Blended-Learning-Szenarien innovativ decken wollen.<\/p><p style=\"margin-bottom: 10px; font-variant-caps: normal; font-size: 13px; line-height: inherit; font-family: Roboto, sans-serif; font-variant-alternates: inherit; font-variant-ligatures: inherit; font-variant-numeric: inherit; font-variant-east-asian: inherit; font-variant-position: inherit; caret-color: rgb(122, 122, 122); color: rgb(122, 122, 122); letter-spacing: normal;\">Durch moderne Techniken k\u00f6nnen wir sowohl L\u00f6sungen f\u00fcr Lernprogramme g\u00fcnstig aber hochqualitativ anbieten.&nbsp;<\/p><p style=\"margin-bottom: 10px; font-variant-caps: normal; font-size: 13px; line-height: inherit; font-family: Roboto, sans-serif; font-variant-alternates: inherit; font-variant-ligatures: inherit; font-variant-numeric: inherit; font-variant-east-asian: inherit; font-variant-position: inherit; caret-color: rgb(122, 122, 122); color: rgb(122, 122, 122); letter-spacing: normal;\">Weiteres Spezialgebiet ist die Wartung und Weiterentwicklung von Arztpraxen. Wir haben Expertise z.B. f\u00fcr Medistar, Turbomed, Tomedo und Open-Source-Systeme.<\/p><p style=\"margin-bottom: 10px; font-variant-caps: normal; font-size: 13px; line-height: inherit; font-family: Roboto, sans-serif; font-variant-alternates: inherit; font-variant-ligatures: inherit; font-variant-numeric: inherit; font-variant-east-asian: inherit; font-variant-position: inherit; caret-color: rgb(122, 122, 122); color: rgb(122, 122, 122); letter-spacing: normal;\">Au\u00dferdem entwickeln wir gewinnende Webauftritte, vom 2-Seiter f\u00fcr Mini-Betriebe bis zu ausgewachsenen Portalen f\u00fcr Klein- und Mittelst\u00e4ndler oder Schulen, Hochschulen und Arztpraxen.<\/p><p style=\"margin-bottom: 10px; font-variant-caps: normal; font-size: 13px; line-height: inherit; font-family: Roboto, sans-serif; font-variant-alternates: inherit; font-variant-ligatures: inherit; font-variant-numeric: inherit; font-variant-east-asian: inherit; font-variant-position: inherit; caret-color: rgb(122, 122, 122); color: rgb(122, 122, 122); letter-spacing: normal;\">Neben der Content-Entwicklung steht didaktech e.K. aber auch seit 2004 f\u00fcr Expertise im Bereich von LernManagementSystemen (LMS) \/ Lernplattformen.<\/p><p style=\"margin-bottom: 10px; font-variant-caps: normal; font-size: 13px; line-height: inherit; font-family: Roboto, sans-serif; font-variant-alternates: inherit; font-variant-ligatures: inherit; font-variant-numeric: inherit; font-variant-east-asian: inherit; font-variant-position: inherit; caret-color: rgb(122, 122, 122); color: rgb(122, 122, 122); letter-spacing: normal;\">Wir sind f\u00fcr Sie zugleich Implementierungspartner f\u00fcr viele Open Source Systeme (z.B. Moodle, Ilias, OpenOlat, Sakai) aber auch als Beratungspartner f\u00fcr die kommerziellen Plattformen, z.B. Schenck.de, time4you, im-c oder SkillPort und viele weitere. .<\/p><p style=\"margin-bottom: 10px; font-variant-caps: normal; font-size: 13px; line-height: inherit; font-family: Roboto, sans-serif; font-variant-alternates: inherit; font-variant-ligatures: inherit; font-variant-numeric: inherit; font-variant-east-asian: inherit; font-variant-position: inherit; caret-color: rgb(122, 122, 122); color: rgb(122, 122, 122); letter-spacing: normal;\"><br><\/p><p><span style=\"caret-color: rgb(122, 122, 122); color: rgb(122, 122, 122); font-family: Roboto, sans-serif; font-size: 13px; font-variant-caps: normal; letter-spacing: normal;\">F\u00fcr gemeinn\u00fctzige Institutionen bieten wir Ihnen unsere Dienste zu deutlich reduzierten Preisen an!<\/span><\/p>\n\n\n\n\n","protected":false},"excerpt":{"rendered":"","protected":false},"author":1,"featured_media":0,"parent":0,"menu_order":0,"comment_status":"closed","ping_status":"closed","template":"","meta":{"pagelayer_contact_templates":[],"_pagelayer_content":"","footnotes":""},"class_list":["post-25","page","type-page","status-publish","hentry"],"jetpack_sharing_enabled":true,"_links":{"self":[{"href":"https:\/\/publishing-arts.de\/didaktech\/wp-json\/wp\/v2\/pages\/25","targetHints":{"allow":["GET"]}}],"collection":[{"href":"https:\/\/publishing-arts.de\/didaktech\/wp-json\/wp\/v2\/pages"}],"about":[{"href":"https:\/\/publishing-arts.de\/didaktech\/wp-json\/wp\/v2\/types\/page"}],"author":[{"embeddable":true,"href":"https:\/\/publishing-arts.de\/didaktech\/wp-json\/wp\/v2\/users\/1"}],"replies":[{"embeddable":true,"href":"https:\/\/publishing-arts.de\/didaktech\/wp-json\/wp\/v2\/comments?post=25"}],"version-history":[{"count":89,"href":"https:\/\/publishing-arts.de\/didaktech\/wp-json\/wp\/v2\/pages\/25\/revisions"}],"predecessor-version":[{"id":511,"href":"https:\/\/publishing-arts.de\/didaktech\/wp-json\/wp\/v2\/pages\/25\/revisions\/511"}],"wp:attachment":[{"href":"https:\/\/publishing-arts.de\/didaktech\/wp-json\/wp\/v2\/media?parent=25"}],"curies":[{"name":"wp","href":"https:\/\/api.w.org\/{rel}","templated":true}]}}