{"id":141,"date":"2023-03-19T00:18:30","date_gmt":"2023-03-18T23:18:30","guid":{"rendered":"https:\/\/publishing-arts.de\/didaktech\/?page_id=141"},"modified":"2025-07-07T17:03:33","modified_gmt":"2025-07-07T16:03:33","slug":"didaktech-wofuer-wir-stehen","status":"publish","type":"page","link":"https:\/\/publishing-arts.de\/didaktech\/didaktech-wofuer-wir-stehen\/","title":{"rendered":"Unsere Botschaft"},"content":{"rendered":"\r\n\r\n\r\n\r\n\r\n\r\n\r\n\r\n\r\n\r\n\r\n<p>Lernen ist ein Menschenrecht.<\/p>\r\n\r\n\r\n\r\n<p>Jeder Mensch hat die Gabe, zu lernen, in jedem Alter.<\/p>\r\n<p>Dennoch bekommen viele Menschen dieses Recht nicht. Damit meinen wir bei didaktech eben nicht nur 3. Welt-L\u00e4nder mit wenig Bildungs-Budget, sondern auch mitten in Deutschland.<\/p>\r\n<p>Dabei k\u00f6nnte E-Learning &#8211; oft kombiniert mit Pr\u00e4senz-Formaten &#8211; eine g\u00fcnstige M\u00f6glichkeit bieten, eine deutliche Verbesserung der Lehre zu erreichen.<\/p>\r\n<p>Beispielsweise hat die Regierung von Norwegen schon seit \u00fcber 15 Jahren eine Lernplattform f\u00fcr alle B\u00fcrger des Landes eingerichtet mit Tausenden, kostenlosen Web Based Trainings (WBT).<\/p>\r\n<p>Davon sind wir hier leider noch weit entfernt.<\/p>\r\n<p>Mit der Expertise von didaktech k\u00f6nnen Sie in Ihrem Umfeld Bildungsangebote nachhaltig verbessern.<\/p>\r\n\r\n\r\n\r\n<p>&nbsp;<\/p>\r\n\r\n\r\n\r\n\r\n\r\n<p>&nbsp;<\/p>","protected":false},"excerpt":{"rendered":"<p>&nbsp;<\/p>\n","protected":false},"author":1,"featured_media":0,"parent":0,"menu_order":0,"comment_status":"closed","ping_status":"closed","template":"","meta":{"pagelayer_contact_templates":[],"_pagelayer_content":"","footnotes":""},"class_list":["post-141","page","type-page","status-publish","hentry"],"jetpack_sharing_enabled":true,"_links":{"self":[{"href":"https:\/\/publishing-arts.de\/didaktech\/wp-json\/wp\/v2\/pages\/141","targetHints":{"allow":["GET"]}}],"collection":[{"href":"https:\/\/publishing-arts.de\/didaktech\/wp-json\/wp\/v2\/pages"}],"about":[{"href":"https:\/\/publishing-arts.de\/didaktech\/wp-json\/wp\/v2\/types\/page"}],"author":[{"embeddable":true,"href":"https:\/\/publishing-arts.de\/didaktech\/wp-json\/wp\/v2\/users\/1"}],"replies":[{"embeddable":true,"href":"https:\/\/publishing-arts.de\/didaktech\/wp-json\/wp\/v2\/comments?post=141"}],"version-history":[{"count":8,"href":"https:\/\/publishing-arts.de\/didaktech\/wp-json\/wp\/v2\/pages\/141\/revisions"}],"predecessor-version":[{"id":491,"href":"https:\/\/publishing-arts.de\/didaktech\/wp-json\/wp\/v2\/pages\/141\/revisions\/491"}],"wp:attachment":[{"href":"https:\/\/publishing-arts.de\/didaktech\/wp-json\/wp\/v2\/media?parent=141"}],"curies":[{"name":"wp","href":"https:\/\/api.w.org\/{rel}","templated":true}]}}